{"id":1578,"date":"2022-06-18T19:16:00","date_gmt":"2022-06-18T19:16:00","guid":{"rendered":"https:\/\/consulting.studiosophia.it\/go\/?page_id=1578"},"modified":"2022-06-17T19:19:20","modified_gmt":"2022-06-17T19:19:20","slug":"registri-akashici","status":"publish","type":"page","link":"https:\/\/consulting.studiosophia.it\/go\/registri-akashici\/","title":{"rendered":"REGISTRI AKASHICI"},"content":{"rendered":"\n<figure class=\"wp-block-image size-full\"><a href=\"https:\/\/consulting.studiosophia.it\/go\/wp-content\/uploads\/2022\/06\/iStock-873507500.jpg\"><img loading=\"lazy\" decoding=\"async\" width=\"608\" height=\"406\" src=\"https:\/\/consulting.studiosophia.it\/go\/wp-content\/uploads\/2022\/06\/iStock-873507500.jpg\" alt=\"\" class=\"wp-image-1579\" srcset=\"https:\/\/consulting.studiosophia.it\/go\/wp-content\/uploads\/2022\/06\/iStock-873507500.jpg 608w, https:\/\/consulting.studiosophia.it\/go\/wp-content\/uploads\/2022\/06\/iStock-873507500-300x200.jpg 300w\" sizes=\"auto, (max-width: 608px) 100vw, 608px\" \/><\/a><\/figure>\n\n\n\n<p>Akasha \u00e8 antica come il Mondo stesso e si parla dei Registri gi\u00e0 nei testi di popolazioni antichissime. Eppure negli ultimi decenni sta riscuotendo un grande interesse, soprattutto in coloro che desiderano ottenere risultati, guarigione e crescita personale.<\/p>\n\n\n\n<p>Molte culture, religioni e filosofie di tutte le epoche fanno riferimento ai registri della vita, anche se non sempre sono stati chiamati registri akashici. Questi Libri vengono citati da molte culture antiche, fra cui quelle assira e fenicia, nel Talmud babilonese, ne Le Tavole Di Thoth degli Egizi, nella Bhagavadg\u012bt\u0101 degli Induismo. Anche nella Bibbia, sia nel Vecchio che nel Nuovo Testamento si parla pi\u00f9 volte del Libro della vita.<\/p>\n\n\n\n<p>Invece la denominazione Registri Akashici sembra trovare il suo primo riferimento nelle opere di Madame Blavatsky (1831-1891), fondatrice della Societ\u00e0 Teosofica, e poi successivamente nei testi di Rudolf Steiner, Alice Bailey e Edgar Cayce.<\/p>\n\n\n\n<p>Che cos\u2019\u00e8 l\u2019Akasha?<\/p>\n\n\n\n<p>L\u2019Akasha, Akash, \u0100k\u0101\u015ba, \u0906\u0915\u093e\u0936 o Akasha che in sanscrito significa etere, \u00e9 una dimensione di altissima vibrazione, dove regna l\u2019Amore incondizionato, qui dimorano gli Esseri di Luce, Angeli, Arcangeli, i Maestri Ascesi, le Divinit\u00e0 di Saggezza, Visione e Profezie e le Guide spirituali.<\/p>\n\n\n\n<p>Nell\u2019Akasha vige la Legge dell\u2019Unit\u00e0, Tutto \u00e8 interconnesso e unito all\u2019Uno, la Sorgente di tutta la Vita e il luogo dove \u00e8 costudita la memoria di tutto l\u2019Universo, di tutto il passato, di tutto il presente e di tutto il potenziale futuro. Akasha \u00e8 pace, amore, guarigione, sicurezza, fiducia, in una sola parola Akasha \u00e8 la 5* dimensione. Una dimensione elevata e perfetta a cui possiamo tendere.<\/p>\n\n\n\n<p>I Registri Akashici sono la memoria universale. Ogni emozione, vibrazione, pensiero che ogni Anima, stella, animale, pianta, pietra o oggetto prova viene registrato e raccolto nei Registri Akashici.<\/p>\n\n\n\n<p>Praticamente tutto e tutti hanno un proprio Libro della Vita, o Registro Akashico, che contiene la registrazione di tutte le memorie, anche quelle delle vite passate, presenti e future.<\/p>\n\n\n\n<p>E\u2019 in questo Libro che l\u2019Anima prima di incarnarsi scrive:<\/p>\n\n\n\n<p>lo Scopo della vita,<\/p>\n\n\n\n<p>la Missione che viene a svolgere sul Pianeta,<\/p>\n\n\n\n<p>le esperienze che deve fare per realizzarlo.<\/p>\n\n\n\n<p>i Doni e i Talenti,<\/p>\n\n\n\n<p>le caratteristiche uniche che ciascuno ha,<\/p>\n\n\n\n<p>le prove da superare,<\/p>\n\n\n\n<p>le cose da guarire per essere felici<\/p>\n\n\n\n<p>le passioni da coltivare,<\/p>\n\n\n\n<p>le sfide da vincere<\/p>\n\n\n\n<p>le occasioni da cogliere.<\/p>\n\n\n\n<p>Immagina che tutto e tutti abbiano un proprio Libro e che tutta questa infinit\u00e0 di Registri Akashici sia contenuta nella Biblioteca Akashica. Un luogo meraviglioso dove \u00e8 raccolto tutto lo scibile umano, spaziale e universale.<\/p>\n\n\n\n<p>In realt\u00e0 quella del Libro Akashico e della Biblioteca Akashica sono solo metafore utili a noi per capire un concetto cos\u00ec vasto, perch\u00e9 in realt\u00e0 i Registri, cos\u00ec come Akasha, sono vibrazione ad elevatissima frequenza.<\/p>\n\n\n\n<p>Eppure \u00e8 meraviglioso pensare di avere a disposizione una biblioteca con tutte le informazioni su noi stessi, sul mondo, su cosa succeder\u00e0 tra dieci giorni e su cosa ci \u00e8 successo duecento anni fa, non \u00e8 vero? Ecco, questa biblioteca esiste davvero, e possiamo accedervi ogni volta che lo desideriamo.<\/p>\n\n\n\n<p>Chi pu\u00f2 accedere? Tutti, tutti, Assolutamente TUTTI, senza eccezione alcuna!<\/p>\n\n\n\n<p>I Registri Akashici sono il nostro s\u00e9 superiore, la parte divina di noi, quindi potenzialmente tutti possiamo accedervi. Ovviamente poi c\u2019\u00e8 chi pu\u00f2 avere pi\u00f9 facilit\u00e0 e chi incontra difficolt\u00e0 e blocchi, ma non serve un \u201cdono speciale\u201do una predisposizione innata per poter accedere al proprio Libro della Vita.<\/p>\n\n\n\n<p>La vera difficolt\u00e0 sta nella qualit\u00e0 della connessione che si riesce ad instaurare, pi\u00f9 si sta in equilibrio con s\u00e9 stessi senza interferenza dell\u2019ego pi\u00f9 la qualit\u00e0 della connessione \u00e8 buona.<\/p>\n\n\n\n<p>Infatti seppur dando a tutti le stesse chiavi di accesso chi si lascia andare, riuscendo a mettere da parte il proprio Sfidante interiore o il proprio Critico chiacchierone, accede al piano Akashico con pi\u00f9 semplicit\u00e0, perch\u00e9?<\/p>\n\n\n\n<p>Perch\u00e9 ad Akasha si accede dal cuore, provando ad accedere dalla mente e con la mente non si riesce a raggiungerla. Ma non perch\u00e9 una persona non possa o non sia dotata ma semplicemente perch\u00e9 passa per la strada sbagliata.<\/p>\n\n\n\n<p>Quello con Akasha \u00e8 un meraviglioso viaggio di trasformazione e guarigione personale, una sfida da vincere differente e unica per ciascuno.<\/p>\n\n\n\n<p>L\u2019Etere \u00e8 il 5\u00b0 elemento, \u00e8 impalpabile ma \u00e8 percepibile tramite extrasensi, \u00e8 pura energia e si distingue dalla materia che invece \u00e8 solida e tangibile.<\/p>\n\n\n\n<p>L&#8217;esperienza akashica non pu\u00f2 essere \u201cprovata scientificamente\u201d ma \u00e8 un qualcosa che passa attraverso il Chakra del Cuore e si vive con gli Extrasensi.<\/p>\n\n\n\n<p>Chi ha il dono della Chiaroveggenza pu\u00f2 vedere proprio gli scaffali e i libri, chi \u00e8 chiarosensiente percepisce Akasha provando brividi ed emozioni, chi \u00e8 chiarudiente sente le informazioni giungere e chi \u00e8 chiaroconoscente inizia a sapere delle cose senza sapere come fa a saperle.<\/p>\n\n\n\n<p>I Registri Akashici o Libri della Vita sono un DATABASE in cui \u00e8 presente ogni cosa. E\u2019 una sorta di google INTERDIMENSIONALE in cui puoi trovare tutto lo scibile umano e universale. Ogni persona, creatura, animale, essere di luce, stella, pianeta, fiore, pianta e concetto ha un suo libro Akashico.<\/p>\n\n\n\n<p>In conclusione possiamo dire che l&#8217; Akasha \u00e8 la MEMORIA COSMICA UNIVERSALE DI NATURA ETERICA a cui veggenti e mistici attingono per ricevere profezie, preghiere e Decreti; gli artisti per avere ispiraizoni e i lettori di Registri Akashici e i Guaritori Akashici per portare guarigione nel mondo.<\/p>\n\n\n\n<p>Se ti interessa saperne di piu, contattaci!<\/p>\n\n\n\n<p>WHATSAPP 3355917017<\/p>\n","protected":false},"excerpt":{"rendered":"<p>Akasha \u00e8 antica come il Mondo stesso e si parla dei Registri gi\u00e0 nei testi di popolazioni antichissime. Eppure negli ultimi decenni sta riscuotendo un grande interesse, soprattutto in coloro che desiderano ottenere risultati, guarigione e crescita personale. Molte culture, &hellip; <a href=\"https:\/\/consulting.studiosophia.it\/go\/registri-akashici\/\">Continua a leggere<span class=\"meta-nav\">&rarr;<\/span><\/a><\/p>\n","protected":false},"author":2,"featured_media":0,"parent":0,"menu_order":0,"comment_status":"closed","ping_status":"closed","template":"","meta":{"footnotes":""},"class_list":["post-1578","page","type-page","status-publish","hentry"],"_links":{"self":[{"href":"https:\/\/consulting.studiosophia.it\/go\/wp-json\/wp\/v2\/pages\/1578","targetHints":{"allow":["GET"]}}],"collection":[{"href":"https:\/\/consulting.studiosophia.it\/go\/wp-json\/wp\/v2\/pages"}],"about":[{"href":"https:\/\/consulting.studiosophia.it\/go\/wp-json\/wp\/v2\/types\/page"}],"author":[{"embeddable":true,"href":"https:\/\/consulting.studiosophia.it\/go\/wp-json\/wp\/v2\/users\/2"}],"replies":[{"embeddable":true,"href":"https:\/\/consulting.studiosophia.it\/go\/wp-json\/wp\/v2\/comments?post=1578"}],"version-history":[{"count":1,"href":"https:\/\/consulting.studiosophia.it\/go\/wp-json\/wp\/v2\/pages\/1578\/revisions"}],"predecessor-version":[{"id":1580,"href":"https:\/\/consulting.studiosophia.it\/go\/wp-json\/wp\/v2\/pages\/1578\/revisions\/1580"}],"wp:attachment":[{"href":"https:\/\/consulting.studiosophia.it\/go\/wp-json\/wp\/v2\/media?parent=1578"}],"curies":[{"name":"wp","href":"https:\/\/api.w.org\/{rel}","templated":true}]}}