{"id":1606,"date":"2022-06-17T22:04:37","date_gmt":"2022-06-17T22:04:37","guid":{"rendered":"https:\/\/consulting.studiosophia.it\/go\/?page_id=1606"},"modified":"2022-06-17T22:07:18","modified_gmt":"2022-06-17T22:07:18","slug":"viaggio-nel-mondo-di-sopra-incontrare-i-maestri","status":"publish","type":"page","link":"https:\/\/consulting.studiosophia.it\/go\/accademialealidellanima\/viaggio-nel-mondo-di-sopra-incontrare-i-maestri\/","title":{"rendered":"VIAGGIO NEL MONDO DI SOPRA &#8211; INCONTRARE I MAESTRI"},"content":{"rendered":"\n<figure class=\"wp-block-image size-large\"><a href=\"https:\/\/consulting.studiosophia.it\/go\/wp-content\/uploads\/2022\/06\/IMG_0115-1280x720-1.jpg\"><img loading=\"lazy\" decoding=\"async\" width=\"1024\" height=\"576\" src=\"https:\/\/consulting.studiosophia.it\/go\/wp-content\/uploads\/2022\/06\/IMG_0115-1280x720-1-1024x576.jpg\" alt=\"\" class=\"wp-image-1607\" srcset=\"https:\/\/consulting.studiosophia.it\/go\/wp-content\/uploads\/2022\/06\/IMG_0115-1280x720-1-1024x576.jpg 1024w, https:\/\/consulting.studiosophia.it\/go\/wp-content\/uploads\/2022\/06\/IMG_0115-1280x720-1-300x169.jpg 300w, https:\/\/consulting.studiosophia.it\/go\/wp-content\/uploads\/2022\/06\/IMG_0115-1280x720-1-768x432.jpg 768w, https:\/\/consulting.studiosophia.it\/go\/wp-content\/uploads\/2022\/06\/IMG_0115-1280x720-1.jpg 1280w\" sizes=\"auto, (max-width: 1024px) 100vw, 1024px\" \/><\/a><\/figure>\n\n\n\n<p>\u201cSono salito dalla terra al cielo, cammino sull\u2019arcobaleno\u201d.<\/p>\n\n\n\n<p>(Canto sacro di uno sciamano del cielo di Tuva)<\/p>\n\n\n\n<p>Il primo viaggio nel Mondo di Sopra, avr\u00e0 lo scopo di incontrare un maestro spirituale in forma umana. Tenendo a mente questo proposito, bisogner\u00e0 visualizzare un luogo che aiuti a viaggiare verso l\u2019alto. Per esempio, ci si potrebbe osservare mentre ci si arrampica su un albero, su una fune o su una scala, sulla cima di una montagna, mentre si \u00e8 trasportati da un tornado, ci si arrampica su un arcobaleno o mentre si sale, trasportati dal fumo di un fal\u00f2 o di un camino, ecc. Si pu\u00f2 chiedere anche al proprio animale di potere di farsi sollevare verso l\u2019alto.<\/p>\n\n\n\n<p>A quasi tutti gli sciamani viene attribuita la capacit\u00e0 del \u201cvolo magico\u201d, ci sono molti varchi che ci portano al di l\u00e0 del cielo. Nella credenza del popolo turco-tartaro il cielo \u00e8 costituito da una grande tenda e le stelle sono le finestre del mondo per far passare la luce. Nelle tradizioni asiatiche la tenda aveva sempre un foro centrale per la fuoriuscita del fumo dal focolare, questo foro, era percepito come un passaggio per ascendere al cielo. Il crepuscolo, la luce rossa del tramonto tra il cielo e la terra pu\u00f2 diventare la fenditura per andare in altri mondi, per viaggiare e navigare nell\u2019universo.<\/p>\n\n\n\n<p>Un riferimento letterario per farsi aiutare nella visualizzazione di questo viaggio, \u00e8 la storia di Jack e la pianta di fagioli, dove Jack si arrampica sulla pianta del fagiolo e deve attraversare un strato di nuvole prima di entrare in un nuovo mondo, oppure, il Mago di Oz, dove Dorothy viene trasportata fuori dal mondo ordinario da un tornado.<\/p>\n\n\n\n<p>Una volta trasportati in alto, si dovr\u00e0 attraversare una soglia, una nuvola o uno strato di nebbia che segnaler\u00e0 che si \u00e8 entrati nel Mondo di Sopra. Se per\u00f2, si vedranno pianeti e stelle, mentre ci si dirige verso l\u2019alto, vorr\u00e0 dire che non si \u00e8 ancora arrivati a destinazione: ci si trover\u00e0 nel Mondi di Sopra, solo quando si avr\u00e0 la sensazione di aver varcato una soglia, dopo la quale tutto apparir\u00e0 del tutto diverso.<\/p>\n\n\n\n<p>Una volta arrivati, si osserver\u00e0 se c\u2019\u00e8 un maestro pronto ad accogliere il viaggiatore. Si possono anche incontrare grandi sapienti del passato come Aristotele o Platone, oppure figure mitologiche come Horus o Iside. In generale nel mondo superiore si trovano la conoscenza, il sapere e la saggezza.<\/p>\n\n\n\n<p>Una volta individuato, gli si potr\u00e0 chiedere: \u201cSei tu il mio maestro?\u201d. Se si otterr\u00e0 un gesto o una risposta affermativa, gli si potr\u00e0 porre una domanda, per esempio, chiedergli di aiutare a guarire una ferita emotiva o un problema fisico. Successivamente, il viaggiatore potr\u00e0 chiedergli di mostrargli il Mondo di Sopra. Come l\u2019animale di potere, il maestro, potr\u00e0 rivelare al suo interlocutore, i doni che ha da offrire.<\/p>\n\n\n\n<p>Quando si sentir\u00e0 il segnale del tamburo, si dovr\u00e0 percorrere a ritroso la stessa strada che si \u00e8 fatta all\u2019andata, fino alla propria stanza, per poi riaprire gli occhi.<\/p>\n\n\n\n<p>Se sei interessato a conoscere chi sono i tuoi maestri e a fare PRATICA DI SCIAMANESIMO, contattaci!<\/p>\n\n\n\n<p>WHATSAPP 3355917017<\/p>\n","protected":false},"excerpt":{"rendered":"<p>\u201cSono salito dalla terra al cielo, cammino sull\u2019arcobaleno\u201d. (Canto sacro di uno sciamano del cielo di Tuva) Il primo viaggio nel Mondo di Sopra, avr\u00e0 lo scopo di incontrare un maestro spirituale in forma umana. Tenendo a mente questo proposito, &hellip; <a href=\"https:\/\/consulting.studiosophia.it\/go\/accademialealidellanima\/viaggio-nel-mondo-di-sopra-incontrare-i-maestri\/\">Continua a leggere<span class=\"meta-nav\">&rarr;<\/span><\/a><\/p>\n","protected":false},"author":2,"featured_media":0,"parent":1371,"menu_order":0,"comment_status":"closed","ping_status":"closed","template":"","meta":{"footnotes":""},"class_list":["post-1606","page","type-page","status-publish","hentry"],"_links":{"self":[{"href":"https:\/\/consulting.studiosophia.it\/go\/wp-json\/wp\/v2\/pages\/1606","targetHints":{"allow":["GET"]}}],"collection":[{"href":"https:\/\/consulting.studiosophia.it\/go\/wp-json\/wp\/v2\/pages"}],"about":[{"href":"https:\/\/consulting.studiosophia.it\/go\/wp-json\/wp\/v2\/types\/page"}],"author":[{"embeddable":true,"href":"https:\/\/consulting.studiosophia.it\/go\/wp-json\/wp\/v2\/users\/2"}],"replies":[{"embeddable":true,"href":"https:\/\/consulting.studiosophia.it\/go\/wp-json\/wp\/v2\/comments?post=1606"}],"version-history":[{"count":1,"href":"https:\/\/consulting.studiosophia.it\/go\/wp-json\/wp\/v2\/pages\/1606\/revisions"}],"predecessor-version":[{"id":1609,"href":"https:\/\/consulting.studiosophia.it\/go\/wp-json\/wp\/v2\/pages\/1606\/revisions\/1609"}],"up":[{"embeddable":true,"href":"https:\/\/consulting.studiosophia.it\/go\/wp-json\/wp\/v2\/pages\/1371"}],"wp:attachment":[{"href":"https:\/\/consulting.studiosophia.it\/go\/wp-json\/wp\/v2\/media?parent=1606"}],"curies":[{"name":"wp","href":"https:\/\/api.w.org\/{rel}","templated":true}]}}