{"id":1610,"date":"2022-06-17T22:29:00","date_gmt":"2022-06-17T22:29:00","guid":{"rendered":"https:\/\/consulting.studiosophia.it\/go\/?page_id=1610"},"modified":"2022-06-17T22:32:37","modified_gmt":"2022-06-17T22:32:37","slug":"viaggio-nel-mondo-di-sotto-animali-di-potere","status":"publish","type":"page","link":"https:\/\/consulting.studiosophia.it\/go\/accademialealidellanima\/viaggio-nel-mondo-di-sotto-animali-di-potere\/","title":{"rendered":"VIAGGIO NEL MONDO DI SOTTO &#8211; ANIMALI DI POTERE"},"content":{"rendered":"\n<figure class=\"wp-block-image size-full\"><a href=\"https:\/\/consulting.studiosophia.it\/go\/wp-content\/uploads\/2022\/06\/animali-medicina.jpg\"><img loading=\"lazy\" decoding=\"async\" width=\"330\" height=\"365\" src=\"https:\/\/consulting.studiosophia.it\/go\/wp-content\/uploads\/2022\/06\/animali-medicina.jpg\" alt=\"\" class=\"wp-image-1611\" srcset=\"https:\/\/consulting.studiosophia.it\/go\/wp-content\/uploads\/2022\/06\/animali-medicina.jpg 330w, https:\/\/consulting.studiosophia.it\/go\/wp-content\/uploads\/2022\/06\/animali-medicina-271x300.jpg 271w\" sizes=\"auto, (max-width: 330px) 100vw, 330px\" \/><\/a><\/figure>\n\n\n\n<p>\u201cIl mio secondo spirito aiutante era uno squalo. Un giorno, mentre ero fuori nel mio kayak, si avvicin\u00f2 a nuoto, si alline\u00f2 tranquillamente al kayak e sussurr\u00f2 il mio nome. Ero sorpreso, perch\u00e9 non avevo mai visto uno squalo: sono molto rari in queste acque. In seguito mi aiut\u00f2 a cacciare e mi era sempre vicino quando avevo bisogno di lui.\u201d<\/p>\n\n\n\n<p>(Aua, sciamano degli Iglulik)<\/p>\n\n\n\n<p>Il Viaggio nel Mondo di Sotto, ha lo scopo di incontrare il proprio animale di potere ed entrare in rapporto con lui.<\/p>\n\n\n\n<p>Trasportato dal suono del tamburo o dei sonagli, assumendo una posizione comoda e confortevole, generalmente disteso e con gli occhi coperti, per evitare che la luce possa distrarre dal lavoro che si andr\u00e0 a fare, immerso in un luogo tranquillo, il \u201cviaggiatore\u201d inizier\u00e0 a visualizzare un luogo della natura che ha realmente visitato nella realt\u00e0 ordinaria e che rappresenti un\u2019apertura naturale nel terreno.<\/p>\n\n\n\n<p>Un esempio letterario di questa transizione si trova in Alice nel paese delle meraviglie, dove Alice penetra in un\u2019altra realt\u00e0 attraverso la tana del Bianconiglio. L\u2019entrata nel Mondo di Sotto, potrebbe essere un tronco di un albero con le radici che penetrano in profondit\u00e0, il cratere di un vulcano, un buco nel terreno, una grotta, l\u2019acqua di un lago, ecc. La scelta \u00e8 soggettiva e, se risulta pi\u00f9 funzionale, vedersi mentre si scende in ascensore o ci si infila in un tunnel sotterraneo della metro, va altrettanto bene.<\/p>\n\n\n\n<p>Alice entra nella tana del bianconiglio<\/p>\n\n\n\n<p>Il viaggiatore dovr\u00e0 osservarsi mentre entra nell\u2019apertura che ha prescelto e si incammina lungo il passaggio sotterraneo a cui ha avuto accesso, dopodich\u00e9, dovr\u00e0 seguire il percorso fino a che non sar\u00e0 riemerso alla luce; a quel punto si trover\u00e0 nel Mondo Inferiore, dovr\u00e0 guardarsi intorno, esplorarlo e notare se attorno a lui \u00e8 nelle vicinanze un animale. Una volta individuato l\u2019animale, gli si chieder\u00e0: \u201cSei tu il mio animale di potere?\u201d. Porre una domanda diretta, implica una risposta diretta, come un s\u00ec o un no, e potr\u00e0 dare un\u2019immediata percezione di come l\u2019animale guida intenda comunicare: potrebbe rispondere anche telepaticamente, con un gesto, una parola, un odore, oppure indicare qualcosa che contenga un messaggio. Se \u00e8 effettivamente l\u2019animale di potere, si dovr\u00e0 instaurare una relazione con lui, ponendogli una domanda e chiedendogli di visitare il livello del Mondo di Sotto in cui ci si trova. Per esempio, si potrebbe cominciare con il chiedergli, quale insegnamento, vantaggioso per il viaggiatore, ha da proporre. Oppure, se si ha la sensazione che non sia ancora il proprio animale di potere, bisognerebbe continuare a cercare fino a che non se ne individuo uno. Lo psiconauta, dovr\u00e0 cercare di rimanere con il suo animale di potere fino a quando non sentir\u00e0 un segnale di tamburo specifico, concordato con il tambureggiatore, che segnala il momento del ritorno; a quel punto ci si congeder\u00e0, salutando l\u2019animale guida e facendo il percorso a ritroso fino ad uscire dall\u2019entrata varcata in precedenza e ritornando nuovamente nella realt\u00e0 ordinaria.<\/p>\n\n\n\n<p>Per visitare livelli pi\u00f9 profondi del Mondi di Sotto, bisogner\u00e0 cercare nuove aperture nel terreno che potranno condurre a profondit\u00e0 maggiori. Esistono molti livelli nel Mondo Inferiore e altrettanti in quello Superiore.<\/p>\n\n\n\n<p>Il ricordare con accuratezza che cosa \u00e8 avvenuto durante il viaggio fa parte della esperienza sciamanica, accumulando ricordi e dettagli di viaggi si accumula conoscenza.<\/p>\n\n\n\n<p>Se ti interessa cominciare un percorso sciamanico, contattaci!!!<\/p>\n\n\n\n<p>WHATSAPP 3355917017<\/p>\n\n\n\n<p>E&#8217; SEMPRE BUONA COSA NON IMPROVVISARE CERCANDO GUIDE ESPERTE CHE POSSANO ACCOMPAGNARTI E DARTI LE INFORMAZIONI E IL SOSTEGNO CHE SERVONO QUANDO COMINCI AD ESPLORARE I MONDI INVISIBILI E LE ENERGIE<\/p>\n","protected":false},"excerpt":{"rendered":"<p>\u201cIl mio secondo spirito aiutante era uno squalo. Un giorno, mentre ero fuori nel mio kayak, si avvicin\u00f2 a nuoto, si alline\u00f2 tranquillamente al kayak e sussurr\u00f2 il mio nome. Ero sorpreso, perch\u00e9 non avevo mai visto uno squalo: sono &hellip; <a href=\"https:\/\/consulting.studiosophia.it\/go\/accademialealidellanima\/viaggio-nel-mondo-di-sotto-animali-di-potere\/\">Continua a leggere<span class=\"meta-nav\">&rarr;<\/span><\/a><\/p>\n","protected":false},"author":2,"featured_media":0,"parent":1371,"menu_order":0,"comment_status":"closed","ping_status":"closed","template":"","meta":{"footnotes":""},"class_list":["post-1610","page","type-page","status-publish","hentry"],"_links":{"self":[{"href":"https:\/\/consulting.studiosophia.it\/go\/wp-json\/wp\/v2\/pages\/1610","targetHints":{"allow":["GET"]}}],"collection":[{"href":"https:\/\/consulting.studiosophia.it\/go\/wp-json\/wp\/v2\/pages"}],"about":[{"href":"https:\/\/consulting.studiosophia.it\/go\/wp-json\/wp\/v2\/types\/page"}],"author":[{"embeddable":true,"href":"https:\/\/consulting.studiosophia.it\/go\/wp-json\/wp\/v2\/users\/2"}],"replies":[{"embeddable":true,"href":"https:\/\/consulting.studiosophia.it\/go\/wp-json\/wp\/v2\/comments?post=1610"}],"version-history":[{"count":1,"href":"https:\/\/consulting.studiosophia.it\/go\/wp-json\/wp\/v2\/pages\/1610\/revisions"}],"predecessor-version":[{"id":1613,"href":"https:\/\/consulting.studiosophia.it\/go\/wp-json\/wp\/v2\/pages\/1610\/revisions\/1613"}],"up":[{"embeddable":true,"href":"https:\/\/consulting.studiosophia.it\/go\/wp-json\/wp\/v2\/pages\/1371"}],"wp:attachment":[{"href":"https:\/\/consulting.studiosophia.it\/go\/wp-json\/wp\/v2\/media?parent=1610"}],"curies":[{"name":"wp","href":"https:\/\/api.w.org\/{rel}","templated":true}]}}