{"id":1620,"date":"2022-06-17T23:00:30","date_gmt":"2022-06-17T23:00:30","guid":{"rendered":"https:\/\/consulting.studiosophia.it\/go\/?page_id=1620"},"modified":"2022-06-17T23:00:30","modified_gmt":"2022-06-17T23:00:30","slug":"viaggi-quantici-e-viaggi-astrali","status":"publish","type":"page","link":"https:\/\/consulting.studiosophia.it\/go\/accademialealidellanima\/viaggi-quantici-e-viaggi-astrali\/","title":{"rendered":"VIAGGI QUANTICI e VIAGGI ASTRALI"},"content":{"rendered":"\n<figure class=\"wp-block-image size-full is-resized\"><a href=\"https:\/\/consulting.studiosophia.it\/go\/wp-content\/uploads\/2022\/06\/VIAGGIO-ASTRALE.jpeg\"><img loading=\"lazy\" decoding=\"async\" src=\"https:\/\/consulting.studiosophia.it\/go\/wp-content\/uploads\/2022\/06\/VIAGGIO-ASTRALE.jpeg\" alt=\"\" class=\"wp-image-1621\" width=\"840\" height=\"629\" srcset=\"https:\/\/consulting.studiosophia.it\/go\/wp-content\/uploads\/2022\/06\/VIAGGIO-ASTRALE.jpeg 886w, https:\/\/consulting.studiosophia.it\/go\/wp-content\/uploads\/2022\/06\/VIAGGIO-ASTRALE-300x225.jpeg 300w, https:\/\/consulting.studiosophia.it\/go\/wp-content\/uploads\/2022\/06\/VIAGGIO-ASTRALE-768x576.jpeg 768w\" sizes=\"auto, (max-width: 840px) 100vw, 840px\" \/><\/a><figcaption>Light Within series. 3D rendering of human figure, radiating light and fractal elements on the subject of inner energy, astral dimension and spirituality.<\/figcaption><\/figure>\n\n\n\n<p><\/p>\n\n\n\n<p>Cos\u2019\u00e8 un viaggio astrale?<\/p>\n\n\n\n<p>Intraprendere un viaggio astrale significa lasciare per breve tempo il corpo fisico e viaggiare con quella parte della coscienza superiore che viene definita \u201ccorpo astrale\u201d. Il corpo astrale \u00e8 pura energia e non \u00e8 sottoposto alle leggi della materia. Compiere un viaggio astrale \u00e8 una delle esperienze pi\u00f9 straordinarie che puoi provare nella tua vita.<\/p>\n\n\n\n<p>Focalizzandoti su obiettivi specifici, dovrai imparare le tecniche per migliorare la visione remota o a distanza e gestire le emozioni per renderla pi\u00f9 SICURA, chiara ed efficace.<\/p>\n\n\n\n<p>Si puo espandere la coscienza con i viaggi astrali: noi tutti siamo stati condizionati a credere di essere il nostro corpo fisico, quando altro non \u00e8 che la \u201cmacchina biologica\u201d che ci ospita in questa dimensione materiale. Altre credenze comuni asseriscono che il nostro IO \u00e8 situato nel cervello, centro delle facolt\u00e0 intellettive, e che non vi \u00e8 altro luogo in cui possa esistere poich\u00e9, come recita l\u2019assioma di Cartesio \u201ccogito ergo sum\u201d, scaturisce dall\u2019attivit\u00e0 mentale. Nulla di quanto appena detto \u00e8 ovviamente vero. La FISICA QUANTISTICA ha ormai ampiamente dimostrato che la bilocazione \u00e8 un fatto scientificamente attendibile. Inoltre, gli insegnamenti appresi dal cammino spirituale, ci ricordano che esiste una realt\u00e0 non visibile e parallela a quella fisica; una realt\u00e0 accessibile a tutti in cui il sapere e la saggezza universali sono potenzialmente disponibili. Tale pensiero non ha origine da racconti allegorici ideati per soddisfare grossolanamente le nostre ancestrali esigenze esistenziali, ma dalla CONCRETA POSSIBILITA&#8217; di entrare in uno stato di coscienza superiore -prescindendo dai precetti di filosofie e religioni-. Il mondo in cui viviamo \u00e8 fondamentalmente un mondo duale, limitato, costituito da polarit\u00e0 opposte, dove all\u2019Anima \u00e8 consentito fare le esperienze necessarie per evolvere e superare questa dualit\u00e0. Questo mondo materiale \u00e8 un luogo unico, una Scuola, dove non si viene per rubare la merenda al compagno ma per imparare la lezione pi\u00f9 grande, capire chi siamo e dove stiamo andando; una lezione che ci aiuter\u00e0 a crescere e a perfezionarci. Per vivere questa avventurosa esperienza disponiamo di ben sette corpi sottili, la cui irradiazione da forma all\u2019aura, e di un corpo fisico pi\u00f9 denso e decisamente familiare, integrati tra loro. La realt\u00e0 \u00e8 pi\u00f9 complessa di come appare, ha una natura MULTIDIMENSIONALE e ci\u00f2 significa coesistenza di pi\u00f9 livelli: una sinergia di pi\u00f9 piani dalle differenti densit\u00e0 che costituiscono l\u2019universo nella sua interezza, VISIBILE e NON VISIBILE. A livelli meno densi corrispondono tendenzialmente entit\u00e0 pi\u00f9 evolute e scopi pi\u00f9 elevati.<\/p>\n\n\n\n<p>Per visitare queste dimensioni \u00e8 necessario essere di una sostanza affine, per questo motivo uno dei nostri corpi sottili, il Corpo Astrale, si presta in modo ottimale a questa funzione e vi si proietta abitualmente nel sonno per recuperare energia da ridistribuire su tutti i livelli, anche quello fisico. Dalla dimensione astrale, una dimensione dove qualsiasi azione \u00e8 facilmente realizzabile con il solo desiderio, si pu\u00f2 attingere ad UN TIPO DI ENERGIA QUALITATIVAMENTE AVANZATA che pu\u00f2 contribuire all\u2019accrescimento della consapevolezza. Avere fede in qualcosa \u00e8 indubbiamente coraggioso ma FARNE ESPERIENZA CONDUCE ALLA CONOSCENZA. I \u201cviaggi astrali consapevoli\u201d possono essere utili per proseguire il nostro cammino verso la meta pi\u00f9 alta: l\u2019evoluzione umana.<\/p>\n\n\n\n<p>Viaggi quantici: connetterti al campo quantico o campo unificato di coscienza ti consentir\u00e0 di riprogrammare il sistema nervoso, il tuo dna, creare un triangolo di connessione tra il tuo corpo e la Madre Terra, imparare a meditare per ottenere guarigioni profonde, connetterti al tuo S\u00e8 Superiore, entrare nello stato creativo, lasciare andare le emozioni del passato, sintonizzarti su nuovi potenziali, rafforzare il tuo potere interiore e molto molto altro&#8230;<\/p>\n\n\n\n<p>Il ricercatore William Buhlman, a proposito dell\u2019utilit\u00e0 delle esperienze extracorporee afferma:<\/p>\n\n\n\n<p>\u201cL\u2019esperienza di proiettare la propria coscienza oltre i limiti fisici del corpo per avventurarsi in un viaggio ultraterreno ci permette non solo di espandere la coscienza stessa, ma anche di verificare l\u2019esistenza dell\u2019anima, di riscoprire le incarnazioni vissute in precedenza conferendo nuove dimensioni pi\u00f9 spirituali alla quotidianit\u00e0, migliorando la percezione di s\u00e9 e degli altri, giungendo cos\u00ec all\u2019essenza di noi stessi e dell\u2019intero universo. Il viaggio extracorporeo \u00e8 un processo che nell\u2019intimo tutti noi vorremmo sperimentare, e forse lo abbiamo anche fatto inconsciamente. QUELLO CHE CI SERVE E&#8217; UNA GUIDA CHE CI PRENDA PER MANO E CI CONDUCA PASSO PASSO all\u2019unione totale e completa con la coscienza stessa dell\u2019universo. Ognuno di noi deve affrontare una scelta importante: possiamo continuare a credere a quello che sostiene la scienza ufficiale o possiamo decidere di partire ed esplorare di persona. Dio ci ha concesso la capacit\u00e0 di indagare e trovare da soli le risposte che attendono solo di essere riconosciute. E questa ricerca interiore \u00e8 l\u2019essenza della crescita e dell\u2019evoluzione umana\u201d.<\/p>\n\n\n\n<p>Se sei interessato a queste esperienze ti suggeriamo vivamente di non improvvisare da solo, contattaci per avere la possibilit\u00e0 di vivere in gruppo esperienze stra-ordinarie con la guida e la supervisione di Esperti che ti conducano a sperimentare in SICUREZZA. Il lavoro energetico \u00e8 molto delicato e richiede ambienti protetti e assistenza qualificata.<\/p>\n\n\n\n<p>WHATSAPP 3355917017<\/p>\n","protected":false},"excerpt":{"rendered":"<p>Cos\u2019\u00e8 un viaggio astrale? Intraprendere un viaggio astrale significa lasciare per breve tempo il corpo fisico e viaggiare con quella parte della coscienza superiore che viene definita \u201ccorpo astrale\u201d. Il corpo astrale \u00e8 pura energia e non \u00e8 sottoposto alle &hellip; <a href=\"https:\/\/consulting.studiosophia.it\/go\/accademialealidellanima\/viaggi-quantici-e-viaggi-astrali\/\">Continua a leggere<span class=\"meta-nav\">&rarr;<\/span><\/a><\/p>\n","protected":false},"author":2,"featured_media":0,"parent":1371,"menu_order":0,"comment_status":"closed","ping_status":"closed","template":"","meta":{"footnotes":""},"class_list":["post-1620","page","type-page","status-publish","hentry"],"_links":{"self":[{"href":"https:\/\/consulting.studiosophia.it\/go\/wp-json\/wp\/v2\/pages\/1620","targetHints":{"allow":["GET"]}}],"collection":[{"href":"https:\/\/consulting.studiosophia.it\/go\/wp-json\/wp\/v2\/pages"}],"about":[{"href":"https:\/\/consulting.studiosophia.it\/go\/wp-json\/wp\/v2\/types\/page"}],"author":[{"embeddable":true,"href":"https:\/\/consulting.studiosophia.it\/go\/wp-json\/wp\/v2\/users\/2"}],"replies":[{"embeddable":true,"href":"https:\/\/consulting.studiosophia.it\/go\/wp-json\/wp\/v2\/comments?post=1620"}],"version-history":[{"count":1,"href":"https:\/\/consulting.studiosophia.it\/go\/wp-json\/wp\/v2\/pages\/1620\/revisions"}],"predecessor-version":[{"id":1622,"href":"https:\/\/consulting.studiosophia.it\/go\/wp-json\/wp\/v2\/pages\/1620\/revisions\/1622"}],"up":[{"embeddable":true,"href":"https:\/\/consulting.studiosophia.it\/go\/wp-json\/wp\/v2\/pages\/1371"}],"wp:attachment":[{"href":"https:\/\/consulting.studiosophia.it\/go\/wp-json\/wp\/v2\/media?parent=1620"}],"curies":[{"name":"wp","href":"https:\/\/api.w.org\/{rel}","templated":true}]}}