{"id":1627,"date":"2022-06-18T00:23:05","date_gmt":"2022-06-18T00:23:05","guid":{"rendered":"https:\/\/consulting.studiosophia.it\/go\/?page_id=1627"},"modified":"2022-06-18T00:23:05","modified_gmt":"2022-06-18T00:23:05","slug":"alchimia-trasformativa","status":"publish","type":"page","link":"https:\/\/consulting.studiosophia.it\/go\/accademialealidellanima\/alchimia-trasformativa\/","title":{"rendered":"ALCHIMIA TRASFORMATIVA"},"content":{"rendered":"\n<figure class=\"wp-block-image size-full\"><a href=\"https:\/\/consulting.studiosophia.it\/go\/wp-content\/uploads\/2022\/06\/alchimia-spirituale-simboli-1024x578-1.webp\"><img loading=\"lazy\" decoding=\"async\" width=\"1024\" height=\"578\" src=\"https:\/\/consulting.studiosophia.it\/go\/wp-content\/uploads\/2022\/06\/alchimia-spirituale-simboli-1024x578-1.webp\" alt=\"\" class=\"wp-image-1628\" srcset=\"https:\/\/consulting.studiosophia.it\/go\/wp-content\/uploads\/2022\/06\/alchimia-spirituale-simboli-1024x578-1.webp 1024w, https:\/\/consulting.studiosophia.it\/go\/wp-content\/uploads\/2022\/06\/alchimia-spirituale-simboli-1024x578-1-300x169.webp 300w, https:\/\/consulting.studiosophia.it\/go\/wp-content\/uploads\/2022\/06\/alchimia-spirituale-simboli-1024x578-1-768x434.webp 768w\" sizes=\"auto, (max-width: 1024px) 100vw, 1024px\" \/><\/a><\/figure>\n\n\n\n<p>IL PROCESSO ALCHEMICO DI TRASMUTAZIONE<\/p>\n\n\n\n<p>(dal &#8220;piombo&#8221; in &#8220;oro&#8221;)<\/p>\n\n\n\n<p>\u201cOgnuno pu\u00f2 e deve fare del materiale vivente della sua personalit\u00e0,<\/p>\n\n\n\n<p>non importa se marmo, argilla o oro,<\/p>\n\n\n\n<p>un oggetto di bellezza,<\/p>\n\n\n\n<p>in cui possa manifestarsi adeguatamente il suo S\u00e9 transpersonale\u201d<\/p>\n\n\n\n<p>Roberto Assagioli<\/p>\n\n\n\n<p>L\u2019Alchimia \u00e8 una delle maggiori vie iniziatiche occidentali. Per lungo tempo la sua trasmissione \u00e8 stata limitata perch\u00e9 rimanesse protetta, oggi la sua saggezza \u00e8 resa disponibile come strumento di trasformazione. I suoi insegnamenti integrano e bilanciano quelli veicolati dalle tradizionali vie orientali e si rivelano essere tra gli strumenti pi\u00f9 potenti per attraversare questi tempi.<\/p>\n\n\n\n<p>Opera al Nero, Opera al Bianco, Opera al Giallo, Opera al Rosso \u2026 sono le suggestive definizioni delle fasi alchemiche e designano l\u2019evoluzione di differenti e precisi STATI DI COSCIENZA, designano il processo di trasformazione dal piombo all\u2019oro purissimo, dal bruco alla farfalla, DALL&#8217;OBLIO AL RICORDO DI SE&#8217;.<\/p>\n\n\n\n<p>L\u2019Alchimia \u00e8 una TECNOLOGIA INTERIORE per diventare abili a riconoscere ci\u00f2 che \u00e8 illusorio e viene invece esperito come reale fuori da ogni dubbio, per alleggerire la mente, le emozioni, il corpo; essa guida lo spostamento della coscienza dalla personalit\u00e0 all\u2019ANIMA, dall&#8217;Ego al SE&#8217;.<\/p>\n\n\n\n<p>E quando, spiccato il volo, ti sentirai splendere come un Sole, scoprirai cosa significa vivere irradiando, scoprirai che \u00e8 questo il punto in cui la tua forza e il tuo potere sono tali da essere davvero influenti sulla realt\u00e0! E\u2019 questo il punto da cui \u00e8 possibile compiere magia nella tua vita!<\/p>\n\n\n\n<p>E\u2019 evidente che il Il processo di accelerazione frequenziale che la terra sta vivendo richiede un cambio di rotta radicale, ogni donna e ogni uomo \u201cdi buona volont\u00e0\u201d sono chiamati a TRASFORMARE PRIMARIAMENTE SE STESSI, a togliere e trasformare il proprio \u201cpiombo\u201d e a realizzarsi, il miglior aiuto possibile per la Terra e per coloro che li circondano.<\/p>\n\n\n\n<p>La tradizione iniziatica alchemica tramanda insegnamenti eccezionali, veri e propri STRUMENTI PRATICI CHE TRASMUTANO NEL CONCRETO LE DENSITA&#8217; e rendono possibile il cambiamento della qualit\u00e0 della vita! Potrai integrare conoscenze che ti permetteranno di ampliare la visione della realt\u00e0, di far fiorire punti di vista nuovi, di maturare uno sguardo mai posato prima sul mondo intorno a te e dentro di te, riceverai strumenti per apportare pi\u00f9 equilibrio nella tua vita nei suoi vari ambiti cos\u00ec come potrai potenziare qualsiasi percorso di evoluzione personale in cui tu sia incamminato\/a.<\/p>\n\n\n\n<p>Ignorare le nostre emozioni, mettere a tacere ogni tipo di sensazione che si esprime attraverso il corpo e continuare ad inseguire un modello immaginario di come crediamo di dover essere per andar bene non fa che rimandare l\u2019appuntamento con CHI SIAMO DAVVERO, imbrigliando talenti e capacit\u00e0 e impedendo all\u2019energia di fluire liberamente, cos\u00ec come farebbe con naturalezza laddove non incontrasse blocchi e resistenze di ogni tipo. L\u2019OSSERVAZIONE e il SENTIRE restituiscono libert\u00e0 all\u2019individuo, sciogliendo i blocchi legati ai traumi del passato e riconsegnando all\u2019uomo la pienezza del proprio potenziale inespresso. Questo \u00e8 lo scopo dell\u2019arte alchemica, LA LIBERTA&#8217; E&#8217; LO STATO INTERIORE A CUI CONDUCE, e quando vedremo coi nostri stessi occhi la condizione di schiavit\u00f9 nella quale versiamo non avremo esitazione alcuna nel dirigere noi stessi nella direzione di casa (TORNARE ALL&#8217;UNO).<\/p>\n\n\n\n<p>Se sei interessato al processo alchemico, a come riuscire a trasmutare le tue emozioni per liberare la tua vita e la quotidianit\u00e0 da ci\u00f2 che ti impedisce di essere autenticamente te stesso contattaci!!!<\/p>\n\n\n\n<p>WHATSAPP 3355917017<\/p>\n","protected":false},"excerpt":{"rendered":"<p>IL PROCESSO ALCHEMICO DI TRASMUTAZIONE (dal &#8220;piombo&#8221; in &#8220;oro&#8221;) \u201cOgnuno pu\u00f2 e deve fare del materiale vivente della sua personalit\u00e0, non importa se marmo, argilla o oro, un oggetto di bellezza, in cui possa manifestarsi adeguatamente il suo S\u00e9 transpersonale\u201d &hellip; <a href=\"https:\/\/consulting.studiosophia.it\/go\/accademialealidellanima\/alchimia-trasformativa\/\">Continua a leggere<span class=\"meta-nav\">&rarr;<\/span><\/a><\/p>\n","protected":false},"author":2,"featured_media":0,"parent":1371,"menu_order":0,"comment_status":"closed","ping_status":"closed","template":"","meta":{"footnotes":""},"class_list":["post-1627","page","type-page","status-publish","hentry"],"_links":{"self":[{"href":"https:\/\/consulting.studiosophia.it\/go\/wp-json\/wp\/v2\/pages\/1627","targetHints":{"allow":["GET"]}}],"collection":[{"href":"https:\/\/consulting.studiosophia.it\/go\/wp-json\/wp\/v2\/pages"}],"about":[{"href":"https:\/\/consulting.studiosophia.it\/go\/wp-json\/wp\/v2\/types\/page"}],"author":[{"embeddable":true,"href":"https:\/\/consulting.studiosophia.it\/go\/wp-json\/wp\/v2\/users\/2"}],"replies":[{"embeddable":true,"href":"https:\/\/consulting.studiosophia.it\/go\/wp-json\/wp\/v2\/comments?post=1627"}],"version-history":[{"count":1,"href":"https:\/\/consulting.studiosophia.it\/go\/wp-json\/wp\/v2\/pages\/1627\/revisions"}],"predecessor-version":[{"id":1629,"href":"https:\/\/consulting.studiosophia.it\/go\/wp-json\/wp\/v2\/pages\/1627\/revisions\/1629"}],"up":[{"embeddable":true,"href":"https:\/\/consulting.studiosophia.it\/go\/wp-json\/wp\/v2\/pages\/1371"}],"wp:attachment":[{"href":"https:\/\/consulting.studiosophia.it\/go\/wp-json\/wp\/v2\/media?parent=1627"}],"curies":[{"name":"wp","href":"https:\/\/api.w.org\/{rel}","templated":true}]}}