{"id":1653,"date":"2022-06-22T15:34:24","date_gmt":"2022-06-22T15:34:24","guid":{"rendered":"https:\/\/consulting.studiosophia.it\/go\/?page_id=1653"},"modified":"2022-06-22T15:34:24","modified_gmt":"2022-06-22T15:34:24","slug":"psicologia-transpersonale-il-se","status":"publish","type":"page","link":"https:\/\/consulting.studiosophia.it\/go\/accademialealidellanima\/psicologia-transpersonale-il-se\/","title":{"rendered":"PSICOLOGIA TRANSPERSONALE: IL SE&#8217;"},"content":{"rendered":"\n<figure class=\"wp-block-image size-full\"><a href=\"https:\/\/consulting.studiosophia.it\/go\/wp-content\/uploads\/2022\/06\/fygnjt.jpg\"><img loading=\"lazy\" decoding=\"async\" width=\"640\" height=\"532\" src=\"https:\/\/consulting.studiosophia.it\/go\/wp-content\/uploads\/2022\/06\/fygnjt.jpg\" alt=\"\" class=\"wp-image-1654\" srcset=\"https:\/\/consulting.studiosophia.it\/go\/wp-content\/uploads\/2022\/06\/fygnjt.jpg 640w, https:\/\/consulting.studiosophia.it\/go\/wp-content\/uploads\/2022\/06\/fygnjt-300x249.jpg 300w\" sizes=\"auto, (max-width: 640px) 100vw, 640px\" \/><\/a><\/figure>\n\n\n\n<p>La psicologia transpersonale si propone di <strong>STUDIARE I PROCESSI CHE PORTANO OLTRE L&#8217;IO<\/strong> attraverso lo studio di esperienze trascendenti lo stato di coscienza.<\/p>\n\n\n\n<p>Gli strumenti operativi della psicologia transpersonale sono le cosiddette <strong>\u201ctecnologie del sacro<\/strong>\u201d, ovvero <strong>modalit\u00e0 di cura che trascendono i confini della mente razionale e lavorano sugli STATI DI COSCIENZA<\/strong>. Questi strumenti contengono svariate prassi che includono: il viaggio sciamanico, canti, danze, visioni e intuizioni, ipnosi, ripetizioni verbali, sogni, meditazioni, viaggi quantici per modificare lo stato di coscienza.<\/p>\n\n\n\n<p>Storicamente la psicologia transpersonale (definita quarta forza), nasce alla fine degli anni \u201860. La psicologia umanistica rispetto alla psicoanalisi e al comportamentismo, si proponeva di <strong>sviluppare un modello pi\u00f9 completo di psiche<\/strong>, comprendente non solo le dinamiche di una mente malata, ma anche quelle di una <strong>mente sana.<\/strong> In tal modo, aveva esaminato i processi di sviluppo delle potenzialit\u00e0 umane, di creativit\u00e0 e di autorealizzazione dell\u2019io. L<strong>a psicologia transpersonale si propone invece di studiare i processi che portano oltre l\u2019io.<\/strong><\/p>\n\n\n\n<p>Tra i suoi maggiori rappresentanti annoveriamo: Abraham Maslow, Charles Tart, Ken Wilber, Stanisalv Grof, Michael Washburn e, tra i suoi precursori, spiccano soprattutto <strong>William James, Carl Gustav Jung, Roberto Assagioli.<\/strong> Da questi autori emerge l\u2019idea che, al<strong> di l\u00e0 di ci\u00f2 che vediamo come realt\u00e0 immanente, esiste anche una dimensione pi\u00f9 vasta della coscienza, che va oltre i confini dell\u2019io psicologico<\/strong> come lo conosciamo normalmente.<\/p>\n\n\n\n<p>Non a caso lo studioso Ken Wilber, una figura di spicco della psicologia transpersonale, parla di \u201cspettro della coscienza\u201d (Wilber,1993). Secondo Wilber esiste una sola, unica ed indivisa coscienza alla base di tutto ci\u00f2 che si manifesta, ed <strong>ogni aspetto dell\u2019universo, quindi, non \u00e8 altro che un aspetto della coscienza unica.<\/strong><\/p>\n\n\n\n<p>A questa coscienza unica possiamo dare molti nomi: dio, assoluto, brahman, vuoto, \u0101tman, energia cosmica ma nessun nome \u00e8 in grado di poterla davvero definire. La coscienza unica, immergendosi nello spazio e nel tempo, apparentemente si suddivide e si frammenta in tanti io che si credono separati, dando origine cos\u00ec alla molteplicit\u00e0 delle forme che riempiono l\u2019Universo. <strong>Questa frammentazione \u00e8 solo apparente e funzionale, perch\u00e9 l\u2019assoluto resta comunque indiviso:<\/strong> solo la sua manifestazione sembra molteplice. Si creano \u201cdue mondi a partire da uno\u201d (Wilber,1977)<\/p>\n\n\n\n<p>Il termine transpersonale quindi significa propriamente <strong>\u201ctutto ci\u00f2 che va al di l\u00e0 della persona\u201d <\/strong>e transculturale significa \u201ctutto ci\u00f2 che va al di l\u00e0 della propria cultura\u201d.<\/p>\n\n\n\n<p>Ho preso in considerazione anche il termine transculturale proprio perch\u00e9 un limite, o meglio, un ostacolo all\u2019applicazione della psicologia transpersonale, \u00e8 sicuramente la chiusura e limitatezza della propria cultura d\u2019origine, che va assolutamente trascesa in questo approccio.<\/p>\n\n\n\n<p>Obiettivi e strumenti della psicologia transpersonale<\/p>\n\n\n\n<p>Gli strumenti operativi della psicologia transpersonale come abbiamo detto sopra sono le cosiddette \u201ctecnologie del sacro\u201d.<\/p>\n\n\n\n<p>Il vero processo transpersonale consiste quindi, con l\u2019aiuto delle tecniche prima descritte, nell\u2019esplorazione del mondo interiore di sensazioni, emozioni, percezioni che conducono, senza alcun significato apparente, verso l\u2019indagine, verso il graduale affrancamento della propria storia individuale e verso <strong>la dimensione transpersonale come luogo reale che racchiude le capacit\u00e0 spirituali dell\u2019uomo.<\/strong><\/p>\n\n\n\n<p>Sviluppare una maggiore sensibilit\u00e0 e consapevolezza di s\u00e9, sono obiettivi fondamentali nel lavoro transpersonale. La trascendenza dell\u2019ego \u00e8 uno sviluppo evolutivo naturale della psiche in cui, contattando liberamente bisogni irrisolti, traumi, desideri rimossi e paure che si sono direttamente legate alla struttura caratteriale, diventa possibile aprirsi ad una dimensione che trascende l\u2019io separato. Molti psicoterapeuti transpersonali dicono che s<strong>i realizza il nostro s\u00e9 superiore, trovando la parte pi\u00f9 autentica e profonda dentro di noi.<\/strong><\/p>\n\n\n\n<p><strong>Realizzare il s\u00e9 significa comprendere che il tuo vero s\u00e9 non \u00e8 l\u2019ego, <\/strong>ma dio cio\u00e8 la <strong>coscienza<\/strong>, <strong>il vasto oceano dello spirito che ha manifestato per qualche tempo la piccola onda di consapevolezza che ora consideri te stesso<\/strong> (Yogananda, 2009).<\/p>\n\n\n\n<p>Possiamo dunque affermare che la psicologia transpersonale \u00e8 lo studio e l\u2019applicazione di quelle esperienze che sembrano portarci oltre il nostro ordinario materiale psichico, verso uno stato \u2018trascendente\u2019, della coscienza.<\/p>\n\n\n\n<p>Psicologia transpersonale: la coscienza umana e il s\u00e9 transpersonale<\/p>\n\n\n\n<p>Come dicevamo, fin dalla sua nascita, la psicologia transpersonale \u00e8 ricorsa sempre alle antiche tradizioni spirituali per trarne uno stimolo ed un\u2019indicazione operativa. Per giovane che sia, possiamo comunque indicare alcuni importanti punti al suo interno che aiutano a comprendere la coscienza umana. Nel regno dell\u2019esperienza umana possiamo infatti dire che <strong>\u00e8 possibile per gli umani sperimentare un grande allargamento ed espansione della coscienza che fa apparire la coscienza ordinaria, per comparazione, una manifestazione molto ristretta e limitata della pi\u00f9 grande totalit\u00e0 del s\u00e9.<\/strong> Uno dei momenti pi\u00f9 frequenti in cui questa espansione avviene spontaneamente e senza l\u2019induzione artificiale \u00e8 nelle <strong>famose esperienze di premorte chiamate N.D.E (near dead experience).<\/strong><\/p>\n\n\n\n<p>Anche il padre della psicosintesi e uno dei fondatori della psicologia transpersonale affermava:<\/p>\n\n\n\n<p>In realt\u00e0 noi non abbiamo un s\u00e9 <strong>\u00e8 un s\u00e9 che ha noi<\/strong> (Assagioli,1971).<\/p>\n\n\n\n<p>Il s\u00e9 viene chiaramente inteso come \u201crealt\u00e0 ontologica\u201d come il motore immobile aristotelico ovvero come un <strong>qualcosa che \u00e8 <\/strong>e che non diviene.<\/p>\n\n\n\n<p>Assagioli insisteva molto sul \u201cproclamare e celebrare il s\u00e9 ed aprirsi al suo mistero\u201d ed insisteva molto su come i<strong>l lavoro psicosintetico transpersonale fosse un processo che dura tutta la vita e non un singolo momento esperienziale indotto da tecniche.<\/strong> Per Assagioli i<strong>n ognuno di noi esiste una parte saggia, pura, buona che lui chiama \u201cs\u00e9 transpersonale\u201d. <\/strong>Una volta risvegliato questo s\u00e9 transpersonale, o meglio aver compreso di essere un s\u00e9 transpersonale, attraverso le tecniche e i metodi della psicosintesi da lui creata, l\u2019individuo inizia un progressivo lavoro di armonizzazione della personalit\u00e0, del corpo-mente e delle relazioni grazie appunto all\u2019elevazione ed espansione della coscienza (Assagioli,1971). Difatti la psicologia transpersonale non \u00e8 un aut aut, ma un trascendere ed includere, ovvero <strong>non si combatte, non si giudica e non si nega un sintomo di disagio, ma impariamo attraverso gli strumenti metodologici a trascenderlo ed includerlo all\u2019interno del s\u00e9 <\/strong>(Lattuada,2004).<\/p>\n\n\n\n<p><\/p>\n\n\n\n<p><\/p>\n\n\n\n<p>Se sei interessato a sperimentare queste &#8220;tecnologie del sacro&#8221;, contattaci!<\/p>\n\n\n\n<p>whapp 3355917017<\/p>\n","protected":false},"excerpt":{"rendered":"<p>La psicologia transpersonale si propone di STUDIARE I PROCESSI CHE PORTANO OLTRE L&#8217;IO attraverso lo studio di esperienze trascendenti lo stato di coscienza. Gli strumenti operativi della psicologia transpersonale sono le cosiddette \u201ctecnologie del sacro\u201d, ovvero modalit\u00e0 di cura che &hellip; <a href=\"https:\/\/consulting.studiosophia.it\/go\/accademialealidellanima\/psicologia-transpersonale-il-se\/\">Continua a leggere<span class=\"meta-nav\">&rarr;<\/span><\/a><\/p>\n","protected":false},"author":2,"featured_media":0,"parent":1371,"menu_order":0,"comment_status":"closed","ping_status":"closed","template":"","meta":{"footnotes":""},"class_list":["post-1653","page","type-page","status-publish","hentry"],"_links":{"self":[{"href":"https:\/\/consulting.studiosophia.it\/go\/wp-json\/wp\/v2\/pages\/1653","targetHints":{"allow":["GET"]}}],"collection":[{"href":"https:\/\/consulting.studiosophia.it\/go\/wp-json\/wp\/v2\/pages"}],"about":[{"href":"https:\/\/consulting.studiosophia.it\/go\/wp-json\/wp\/v2\/types\/page"}],"author":[{"embeddable":true,"href":"https:\/\/consulting.studiosophia.it\/go\/wp-json\/wp\/v2\/users\/2"}],"replies":[{"embeddable":true,"href":"https:\/\/consulting.studiosophia.it\/go\/wp-json\/wp\/v2\/comments?post=1653"}],"version-history":[{"count":1,"href":"https:\/\/consulting.studiosophia.it\/go\/wp-json\/wp\/v2\/pages\/1653\/revisions"}],"predecessor-version":[{"id":1655,"href":"https:\/\/consulting.studiosophia.it\/go\/wp-json\/wp\/v2\/pages\/1653\/revisions\/1655"}],"up":[{"embeddable":true,"href":"https:\/\/consulting.studiosophia.it\/go\/wp-json\/wp\/v2\/pages\/1371"}],"wp:attachment":[{"href":"https:\/\/consulting.studiosophia.it\/go\/wp-json\/wp\/v2\/media?parent=1653"}],"curies":[{"name":"wp","href":"https:\/\/api.w.org\/{rel}","templated":true}]}}