{"id":1658,"date":"2022-06-24T18:18:45","date_gmt":"2022-06-24T18:18:45","guid":{"rendered":"https:\/\/consulting.studiosophia.it\/go\/?page_id=1658"},"modified":"2022-06-24T18:18:45","modified_gmt":"2022-06-24T18:18:45","slug":"vite-precedenti-vite-future","status":"publish","type":"page","link":"https:\/\/consulting.studiosophia.it\/go\/accademialealidellanima\/vite-precedenti-vite-future\/","title":{"rendered":"VITE PRECEDENTI, VITE FUTURE"},"content":{"rendered":"\n<figure class=\"wp-block-image size-full is-resized\"><a href=\"https:\/\/consulting.studiosophia.it\/go\/wp-content\/uploads\/2022\/06\/Reincarnazione-600x466-1.jpg\"><img loading=\"lazy\" decoding=\"async\" src=\"https:\/\/consulting.studiosophia.it\/go\/wp-content\/uploads\/2022\/06\/Reincarnazione-600x466-1.jpg\" alt=\"\" class=\"wp-image-1659\" width=\"830\" height=\"645\" srcset=\"https:\/\/consulting.studiosophia.it\/go\/wp-content\/uploads\/2022\/06\/Reincarnazione-600x466-1.jpg 600w, https:\/\/consulting.studiosophia.it\/go\/wp-content\/uploads\/2022\/06\/Reincarnazione-600x466-1-300x233.jpg 300w\" sizes=\"auto, (max-width: 830px) 100vw, 830px\" \/><\/a><\/figure>\n\n\n\n<p>Esistono davvero le vite precedenti? Ci siamo davvero reincarnati molte volte prima di questa vita? e come mai non ne abbiamo ricordo? Se sono queste le tue domande, magari per scoprire se sei stato un mago, una strega, un guerriero, una principessa, una sacerdotessa, un capo tribu&#8230; beh, allora dovresti essere pronto anche ad accettare che sei stato un mendicante, una vittima, un carnefice, una persona che ha ucciso, che \u00e8 stata uccisa, una donna normale, un padre fallito, una sorella che ha tradito, una persona normale, che per\u00f2 ha imparato delle cose &#8220;in quella vita&#8221;, in quella esperienza, cose che potrebbero esserti molto utili in QUESTA VITA&#8230;<\/p>\n\n\n\n<p>Se ti spinge solo la curiosit\u00e0, allora il mio suggerimento \u00e8 non fare l&#8217;esperienza della regressione&#8230; Le domande sopra forse non sono le domande giuste n\u00e8 un buon punto di partenza&#8230; Forse non \u00e8 importante sapere se sono vite precedenti o parallele, se ti sei reincarnato zero, dieci o trecento volte prima d&#8217;ora&#8230;<\/p>\n\n\n\n<p>L&#8217;importante \u00e8 la tua INTENZIONE OGGI: cercare &#8220;altrove&#8221;, &#8220;aldil\u00e0&#8221; di una certa soglia, le risposte che &#8220;aldiqua&#8221; non riesci a trovare, che ti servono a illuminare e comprendere aspetti importanti di questa tua vita attuale nel &#8220;presente&#8221;: i motivi per cui fai un lavoro che non ti soddisfa, i problemi ricorrenti nellle tue relazioni di coppia, gli incontri con persone che ti fanno soffrire, perch\u00e8 ti continui a portare dentro certe paure e come puoi superarle, la ragione della tua vita solitaria&#8230;<\/p>\n\n\n\n<p>Perch\u00e8 a questo servono le regressioni, a sbloccare situazioni, comportamenti, atteggiamenti, condizioni di vita&#8230;<\/p>\n\n\n\n<p>REGRESSIONI E PROGRESSIONI<\/p>\n\n\n\n<p>&#8230;E allora, se ti trovassi in un&#8217;altra epoca, che sia una regressione al passato o una progressione al futuro, che siano vite realmente vissute o potenziali e germinali dentro di te, ci\u00f2 che conta \u00e8 il tuo CORAGGIO, la tua voglia di capire, di amarti senza giudicarti, di comprendere, di superare quei limiti che ti impediscono di realizzarti per ci\u00f2 che davvero sei e puoi, OGGI.<\/p>\n\n\n\n<p>Queste si che sono buone motivazioni per desiderare di fare una ESPERIENZA DI REGRESSIONE. E noi saremo felici di accompagnarti!<\/p>\n\n\n\n<p>Potresti scoprire che a un certo livello di coscienza l&#8217;anima pu\u00f2 sperimentare un vissuto che va oltre l&#8217;individualit\u00e0, la specificit\u00e0 di una storia, di una o piu incarnazioni, oltre la dualit\u00e0, oltre l&#8217;illusione della separazione tra la mia vita e la tua vita, e sperimentare quello stato di Coscienza Spirituale pi\u00f9 ampio dove il tempo e lo spazio semplicemente non esistono, e la tua storia \u00e8 la storia dell&#8217;altro, del tuo nemico, di quello piu evoluto di te, o di quello piu indietro, del mondo, delle stelle, dell&#8217;universo, di tante vite passate, presenti e future, che a questo livello puoi &#8220;vedere e sentire&#8221; perch\u00e8 sei connesso, sei uno con la Fonte, col Tutto, con tutto ci\u00f2 che \u00e8, \u00e8 stato, e sar\u00e0&#8230; Tu sei quel Tutto&#8230; e da quel pezzo del Tutto che illuminerai con l&#8217;esperienza di regressione o progressione, imparare&#8230; imparare lezioni di vita importanti per te, per tornare alla tua individualit\u00e0 e goderti di piu QUESTA vita.<\/p>\n\n\n\n<p><\/p>\n\n\n\n<p>Se sei motivato a sperimentare regressioni e progressioni in gruppo, contattaci!<\/p>\n\n\n\n<p>whapp 3355917017<\/p>\n","protected":false},"excerpt":{"rendered":"<p>Esistono davvero le vite precedenti? Ci siamo davvero reincarnati molte volte prima di questa vita? e come mai non ne abbiamo ricordo? Se sono queste le tue domande, magari per scoprire se sei stato un mago, una strega, un guerriero, &hellip; <a href=\"https:\/\/consulting.studiosophia.it\/go\/accademialealidellanima\/vite-precedenti-vite-future\/\">Continua a leggere<span class=\"meta-nav\">&rarr;<\/span><\/a><\/p>\n","protected":false},"author":2,"featured_media":0,"parent":1371,"menu_order":0,"comment_status":"closed","ping_status":"closed","template":"","meta":{"footnotes":""},"class_list":["post-1658","page","type-page","status-publish","hentry"],"_links":{"self":[{"href":"https:\/\/consulting.studiosophia.it\/go\/wp-json\/wp\/v2\/pages\/1658","targetHints":{"allow":["GET"]}}],"collection":[{"href":"https:\/\/consulting.studiosophia.it\/go\/wp-json\/wp\/v2\/pages"}],"about":[{"href":"https:\/\/consulting.studiosophia.it\/go\/wp-json\/wp\/v2\/types\/page"}],"author":[{"embeddable":true,"href":"https:\/\/consulting.studiosophia.it\/go\/wp-json\/wp\/v2\/users\/2"}],"replies":[{"embeddable":true,"href":"https:\/\/consulting.studiosophia.it\/go\/wp-json\/wp\/v2\/comments?post=1658"}],"version-history":[{"count":1,"href":"https:\/\/consulting.studiosophia.it\/go\/wp-json\/wp\/v2\/pages\/1658\/revisions"}],"predecessor-version":[{"id":1660,"href":"https:\/\/consulting.studiosophia.it\/go\/wp-json\/wp\/v2\/pages\/1658\/revisions\/1660"}],"up":[{"embeddable":true,"href":"https:\/\/consulting.studiosophia.it\/go\/wp-json\/wp\/v2\/pages\/1371"}],"wp:attachment":[{"href":"https:\/\/consulting.studiosophia.it\/go\/wp-json\/wp\/v2\/media?parent=1658"}],"curies":[{"name":"wp","href":"https:\/\/api.w.org\/{rel}","templated":true}]}}