{"id":1689,"date":"2022-07-03T13:30:53","date_gmt":"2022-07-03T13:30:53","guid":{"rendered":"https:\/\/consulting.studiosophia.it\/go\/?page_id=1689"},"modified":"2022-07-03T13:33:59","modified_gmt":"2022-07-03T13:33:59","slug":"il-tamburo-sciamanico","status":"publish","type":"page","link":"https:\/\/consulting.studiosophia.it\/go\/accademialealidellanima\/il-tamburo-sciamanico\/","title":{"rendered":"IL TAMBURO SCIAMANICO"},"content":{"rendered":"\n<figure class=\"wp-block-image size-full\"><a href=\"https:\/\/consulting.studiosophia.it\/go\/wp-content\/uploads\/2022\/07\/2021-05-04-21-59-15.jpg\"><img loading=\"lazy\" decoding=\"async\" width=\"794\" height=\"852\" src=\"https:\/\/consulting.studiosophia.it\/go\/wp-content\/uploads\/2022\/07\/2021-05-04-21-59-15.jpg\" alt=\"\" class=\"wp-image-1690\" srcset=\"https:\/\/consulting.studiosophia.it\/go\/wp-content\/uploads\/2022\/07\/2021-05-04-21-59-15.jpg 794w, https:\/\/consulting.studiosophia.it\/go\/wp-content\/uploads\/2022\/07\/2021-05-04-21-59-15-280x300.jpg 280w, https:\/\/consulting.studiosophia.it\/go\/wp-content\/uploads\/2022\/07\/2021-05-04-21-59-15-768x824.jpg 768w\" sizes=\"auto, (max-width: 794px) 100vw, 794px\" \/><\/a><\/figure>\n\n\n\n<p>&#8220;Suonare il Tamburo,<\/p>\n\n\n\n<p>lasciarsi trasportare,<\/p>\n\n\n\n<p>cominciare a viaggiare,<\/p>\n\n\n\n<p>scoprirsi in avventure sempre nuove<\/p>\n\n\n\n<p>esplorando gli infiniti mondi dentro di noi.<\/p>\n\n\n\n<p>L&#8217;uomo lo fa dalla notte dei tempi.<\/p>\n\n\n\n<p>Non c&#8217;\u00e8 niente di pi\u00f9 semplice.<\/p>\n\n\n\n<p>Anche il bambino lo fa, spontaneamente si mette a suonare, se gliene dai uno&#8230;<\/p>\n\n\n\n<p>E&#8217; nella semplicit\u00e0 che si nasconde la meraviglia.<\/p>\n\n\n\n<p>Almeno, io l&#8217;ho trovata sempre li. &#8220;<\/p>\n\n\n\n<p>Elissbetta Rustignoli<\/p>\n\n\n\n<p>In Natura Tutto \u00e8 ritmo, Tutto \u00e8 vibrazione, il battito del cuore, il ritmo del respiro&#8230; Noi siamo vibrazione. Il ritmo ci cura, modula l\u2019energia e l\u2019umore, scandisce le nostre azioni e i nostri organi interni. La Vita stessa \u00e8 ritmo&#8230;<\/p>\n\n\n\n<p>Suonare e ascoltare le percussioni \u00e8 una pratica diffusa ovunque, in ogni cultura: il SUONO ha effetti benefici e terapeutici: RILASSA, STIMOLA LA CONCENTRAZIONE, ha effetti CURAtivi sui malati di Alzheimer, su bambini autistici, su adolescenti emotivamente disturbati, su tossicodipendenti, su ciascuno di noi.<\/p>\n\n\n\n<p>Nella pratica sciamanica al tamburo vengono attribuiti poteri magici, come la capacit\u00e0 di portare lo sciamano in altri Mondi e la facolt\u00e0 di relazionarsi agli Spiriti. Il tamburo \u00e8 associato alla terra, alla luna, alla fertilit\u00e0, alla pioggia, al tuono, al battito del cuore che ci fa vibrare insieme al cuore del cosmo. Rappresenta l\u2019albero cosmico del mondo che collega il cielo alla terra.<\/p>\n\n\n\n<p>Il battito del tamburo durante un VIAGGIO sciamanico arriva a 4,5 battiti al secondo, ovvero 240\/300 colpi al minuto, il che equivale a 7,2 Hertz: questo valore di frequenza coincide con la risonanza Schumann, cio\u00e8 la frequenza alla quale risuona la terra, che \u00e8 di 7,83 Hz, ed \u00e8 anche la frequenza associata allo stato Alpha di Coscienza <a href=\"https:\/\/l.facebook.com\/l.php?u=https%3A%2F%2Fconsulting.studiosophia.it%2Fgo%2Fesploratori-dei-mondi-invisibili%2Fstati-non-ordinari-stra-ordinari-di-coscienza%2F%3Ffbclid%3DIwAR1tjpZIm3hdXHkMVJSR-HDkqgIPEtav5gXoJGENCzuz5RpjvEpwA76Hwmo&amp;h=AT0OJ6ZswqtNlP7_5vr6Y8DtdS5Uq9TQT837Bcer1G1_iKskDvd4k-v7-0mFmfL_aKU_A_KtJLn_vZw4aP3Su57gXGC0-oP11VZ22_LFN6tRbDN_0Al6On4tDNwwdrzm6A&amp;__tn__=-UK-R&amp;c[0]=AT2MvSdim5yWFDOdF74o9wW65LJ27lSuZ5-fYCNuu1k9dW2pmXffov4snzJ-OGqxnX6T16xRoKNp5ktoAIkrrZ4tLKnJpH5CSHlXBcfzAg3tZBQK-cB1bie7SCXlOjyqALYHTYYAUlOiLn5RmyWyUU_3-OVmINlj9SpzCLHsYDza1-nL\" rel=\"noreferrer noopener\" target=\"_blank\">https:\/\/consulting.studiosophia.it\/&#8230;\/stati-non&#8230;\/<\/a><\/p>\n\n\n\n<p>Il suono del Tamburo \u00e8 inoltre in grado di metterci in connessione con le nostre parti pi\u00f9 antiche e profonde, MODIFICA IL NOSTRO STATO DI COSCIENZA, ci aiuta a ritrovare le nostre origini e a prendere le distanze con l\u2019attuale modo di vivere moderno che, nonostante tutte le sue comodit\u00e0, ci porta spesso in uno stato di stress. Le sue vibrazioni entrano nel corpo in profondit\u00e0, andando a toccare tutti gli organi interni, aiuta il rilassamento della mente portando il cervello fin nella fase delle onde THETA, la stessa che si sperimenta durante il sogno e nella meditazione profonda.<\/p>\n\n\n\n<p>Lo sciamano in tutte le culture del mondo ha nel Tamburo un alleato importante. Il tamburo \u00e8 infatti considerato il &#8220;cavallo dello Sciamano&#8221;, poich\u00e9 lo conduce in ALTRE DIMENSIONI, luoghi di potere interiore, luoghi di guarigione, luoghi di sogno, luoghi di bellezza tali da far aprire il cuore. Il lavoro sciamanico non \u00e8 un lavoro di testa, ma sempre di CUORE: ci\u00f2 che conta \u00e8 aprirsi al SENTIRE e al VIBRARE divenendo Uno.<\/p>\n\n\n\n<p>Se sei interessato al viaggio col Tamburo Sciamanico ISCRIVITI ALL&#8217;EVENTO: <a href=\"https:\/\/www.facebook.com\/events\/1138630583381129\/?__cft__[0]=AZX-PdDMaYZ6pa9ecr4hDJH3bMeisFoZeb1hn_xr6kq_onj_JPHuKEjVqqcx9bkxX0atx-zc3vs7g2nZhYv2ZHSdPn0K-fk8_-luHEpWHCVBuV37m1qW7iRh2qu86CvNKIS1MnWmb2uieQxAAF-NW0dO&amp;__tn__=-UK-R\">https:\/\/www.facebook.com\/events\/1138630583381129\/1138630586714462?ref=newsfeed<\/a><\/p>\n\n\n\n<p>OPPURE CONTATTACI WHAPP 3355917017<\/p>\n","protected":false},"excerpt":{"rendered":"<p>&#8220;Suonare il Tamburo, lasciarsi trasportare, cominciare a viaggiare, scoprirsi in avventure sempre nuove esplorando gli infiniti mondi dentro di noi. L&#8217;uomo lo fa dalla notte dei tempi. Non c&#8217;\u00e8 niente di pi\u00f9 semplice. Anche il bambino lo fa, spontaneamente si &hellip; <a href=\"https:\/\/consulting.studiosophia.it\/go\/accademialealidellanima\/il-tamburo-sciamanico\/\">Continua a leggere<span class=\"meta-nav\">&rarr;<\/span><\/a><\/p>\n","protected":false},"author":2,"featured_media":0,"parent":1371,"menu_order":0,"comment_status":"closed","ping_status":"closed","template":"","meta":{"footnotes":""},"class_list":["post-1689","page","type-page","status-publish","hentry"],"_links":{"self":[{"href":"https:\/\/consulting.studiosophia.it\/go\/wp-json\/wp\/v2\/pages\/1689","targetHints":{"allow":["GET"]}}],"collection":[{"href":"https:\/\/consulting.studiosophia.it\/go\/wp-json\/wp\/v2\/pages"}],"about":[{"href":"https:\/\/consulting.studiosophia.it\/go\/wp-json\/wp\/v2\/types\/page"}],"author":[{"embeddable":true,"href":"https:\/\/consulting.studiosophia.it\/go\/wp-json\/wp\/v2\/users\/2"}],"replies":[{"embeddable":true,"href":"https:\/\/consulting.studiosophia.it\/go\/wp-json\/wp\/v2\/comments?post=1689"}],"version-history":[{"count":2,"href":"https:\/\/consulting.studiosophia.it\/go\/wp-json\/wp\/v2\/pages\/1689\/revisions"}],"predecessor-version":[{"id":1693,"href":"https:\/\/consulting.studiosophia.it\/go\/wp-json\/wp\/v2\/pages\/1689\/revisions\/1693"}],"up":[{"embeddable":true,"href":"https:\/\/consulting.studiosophia.it\/go\/wp-json\/wp\/v2\/pages\/1371"}],"wp:attachment":[{"href":"https:\/\/consulting.studiosophia.it\/go\/wp-json\/wp\/v2\/media?parent=1689"}],"curies":[{"name":"wp","href":"https:\/\/api.w.org\/{rel}","templated":true}]}}