{"id":45,"date":"2013-03-17T21:16:22","date_gmt":"2013-03-17T21:16:22","guid":{"rendered":"http:\/\/consulting.studiosophia.it\/go\/?page_id=45"},"modified":"2014-01-08T23:45:36","modified_gmt":"2014-01-08T23:45:36","slug":"mission-la-visione-olistica-2","status":"publish","type":"page","link":"https:\/\/consulting.studiosophia.it\/go\/chi-siamo\/mission-la-visione-olistica-2\/","title":{"rendered":"Mission: la visione olistica"},"content":{"rendered":"<h1 style=\"text-align: left;\"><span style=\"color: #000000; font-size: 2.4em; line-height: 1.5em;\">2001-2011:<\/span><\/h1>\n<h1 style=\"text-align: left;\">10 ANNI DI ATTIVITA&#8217;: NEL NUOVO LOGO LA VISIONE OLISTICA<\/h1>\n<div id=\"txtel_1_txt\">\n<p><strong>Cresciuti GRAZIE A VOI!\u00a0<\/strong><\/p>\n<p style=\"text-align: justify;\">In occasione del 10* anniversario di attivit\u00e0 delo Studio abbiamo voluto cambiare &#8220;look&#8221;, perch\u00e8 in 10 anni siamo cambiati, siamo marurati, abbiamo progressivamente allargato il campo della ricerca e delle applicazioni in ambito clinico e terapeutico.<\/p>\n<p style=\"text-align: justify;\">Fare psico-terapia oggi non significa infatti soltanto prendere in carico la PERSONA dal punto di vista mentale, occorre avere una visione olistica, un\u00a0<strong>approccio eco-sistemico<\/strong>\u00a0che possa dare risposte concrete a TUTTA la persona, e che, nel processo di &#8220;guarigione&#8221; non coinvolga solo la MENTE, ma anche il CUORE, le emozioni, il CORPO, nel movimento e neila sua pi\u00f9 autentica espressione di s\u00e8, e l&#8217;ANIMA, ovvero la parte spirituale, energetica, quella pi\u00f9 invisibile ma che diventa, ad un certo punto dell&#8217;esistenza terribilmente evidente. Ecco allora le quattro linee curve nel logo, vicino alla A di Sophia.\u00a0<strong>MENTE, CUORE, CORPO E SPIRITO:<\/strong>\u00a0un nuovo modo di lavorare per un servizio sempre pi\u00f9 attento alla globalit\u00e0 e alla complessit\u00e0 della nuova &#8220;umanit\u00e0&#8221;.<\/p>\n<p style=\"text-align: justify;\"><a href=\"http:\/\/iframewidth=420height=315src=\/\/www.youtube.com\/embed\/b0qhn1vrLCkframeborder=0allowfullscreen\/iframe\"><iframe loading=\"lazy\" src=\"\/\/www.youtube.com\/embed\/b0qhn1vrLCk\" height=\"315\" width=\"420\" allowfullscreen=\"\" frameborder=\"0\"><\/iframe><\/a><\/p>\n<p style=\"text-align: justify;\">\n<p style=\"text-align: justify;\"><strong><span style=\"color: #008000;\">Olismo: dal greco\u00a0<em>\u03cc\u03bb\u03bf\u03c2<\/em>, cio\u00e8 \u201cla Totalit\u00e0\u201d.<\/span><\/strong><\/p>\n<p style=\"text-align: justify;\">La parola, insieme all\u2019aggettivo olistico, \u00e8 stata coniata negli anni venti da Jan Smuts (1870-1950) uomo politico, intellettuale e filosofo sudafricano, autore di\u00a0<em>Holism and Evolution<\/em>\u00a0(\u201cOlismo ed Evoluzione\u201d) del 1926. Secondo l\u2019Oxford English Dictionary, Smuts ha definito l\u2019olismo come \u201c\u2026la tendenza, in natura, a formare interi che sono pi\u00f9 grandi della somma delle parti attraverso l\u2019evoluzione creativa\u201d. L\u2019Olismo \u00e8 la teoria secondo cui l\u2019intero \u00e8 un tutto superiore rispetto alla somma delle sue parti. L\u2019intero riveste quindi un significato diverso o superiore rispetto a quello delle singole parti prese autonomamente.<\/p>\n<p style=\"text-align: justify;\">Per fare un esempio tennistico, sarebbe come analizzare il diritto di un giocatore da un punto di vista meramente tecnico senza prendere in considerazione la storia dell\u2019atleta (<em>ha sempre giocato con quella impugnatura? Ha subito infortuni nel corso della sua carriera? Ha avuto sempre lo stesso allenatore? Ha vissuto qualche genere di trauma su quel colpo? Ecc.<\/em>), oppure la sua \u201cunica\u201d costituzione fisica (<em>articolazioni, mobilit\u00e0 articolare, elasticit\u00e0\u2026.<\/em>), e cos\u00ec via.<\/p>\n<p style=\"text-align: justify;\">Il termine Olismo viene generalmente associato a una prospettiva generale di carattere intuizionistico e persino tendenzialmente mistico. L\u2019organismo biologico o psichico deve essere studiato in quanto totalit\u00e0 organizzata (<em>in greco holos significa \u201ctutto, intero\u201d<\/em>) e non in quanto somma di parti discrete.\u00a0<strong>La capacit\u00e0, quindi, di cogliere una realt\u00e0 nel suo insieme, cogliendone le interazioni tra le diverse componenti, pi\u00f9 che soffermarsi sulla sua composizione meccanica.<\/strong><strong><\/strong><\/p>\n<p style=\"text-align: justify;\">L\u2019olismo non \u00e8 stato portato in Occidente da mistiche esotiche, ma deve la sua diffusione a invenzioni moderne come la televisione, il computer, e trova conferme sempre pi\u00f9 inconfutabili nei laboratori pi\u00f9 all\u2019avanguardia di\u00a0<strong>fisica subatomica<\/strong>, negli\u00a0<strong>studi dei medici di mentalit\u00e0 pi\u00f9 aperta<\/strong>, nei\u00a0<strong>nuovi paradigmi con cui oggi sociologi, psicologi e biologi studiano la realt\u00e0<\/strong>. Olismo \u00e8 semplicemente la disponibilit\u00e0 a focalizzare l\u2019attenzione sull\u2019insieme invece che sul particolare. Se fin\u2019ora l\u2019attenzione era tutta per la ricerca dei mattoni costitutivi della realt\u00e0, oggi si riconosce l\u2019importanza di studiare il tessuto che connette. Non pi\u00f9 la quantit\u00e0 degli elementi, ma\u00a0<strong>la qualit\u00e0 delle relazioni tra loro<\/strong>. Un approccio analitico allo studio del cervello, per esempio, noterebbe soltanto che dopo i trentacinque anni, il numero dei neuroni diminuisce inesorabilmente, ma con un approccio olistico alla questione si scoprir\u00e0 che per ogni neurone che scompare si creano nuove sinapsi, nuovi link, potremmo dire, tra i neuroni rimasti. E\u2019 come se in un ufficio diminuissero gli apparecchi telefonici, ma ogni telefono rimasto cominciasse a funzionare come una centralina. Cambia, quindi, la relazione tra gli elementi, offrendo un quadro d\u2019insieme ben diverso dal precedente. Incidentalmente, \u00e8 proprio la crescita del numero di interconnessioni neuronali che favorisce la capacit\u00e0 di cogliere la realt\u00e0 nel suo insieme e sembra sia alla base della mitica saggezza degli anziani. Olismo \u00e8 forse per qualcuno una parola strana, ma basta usare altri termini per rendersi conto quanto ormai rappresenti un concetto che sta entrando a far parte della nostra cultura. Pi\u00f9 noto, per alcuni, potr\u00e0 essere il concetto di \u201c<strong>approccio sistemico<\/strong>\u201d, adottato in ecologia, nello studio degli ecosistemi; in psicologia, per comprendere le dinamiche familiari; in medicina, per collegare un disagio emotivo a un problema fisico o un atteggiamento fiducioso a una pi\u00f9 pronta guarigione; in fisica, per esplorare le innumerevoli e incredibili implicazioni della teoria della relativit\u00e0, per cui\u00a0<strong>materia ed energia si rivelano due aspetti della stessa realt\u00e0.<\/strong><\/p>\n<p style=\"text-align: justify;\"><strong>Cosa offre l\u2019Olismo in pi\u00f9, rispetto a un approccio analitico nei confronti della realt\u00e0? Riconosce l\u2019importanza del singolo fattore, elemento, persona, attribuendogli un ruolo nel contesto in cui vive; pone al primo posto le relazioni dinamiche rispetto alle gerarchie statiche, allarga gli orizzonti guardando il mondo con occhi nuovi, apre le porte a un nuovo progresso nato dallo studio dell\u2019interconnessione tra i diversi aspetti della realt\u00e0. L\u2019Olismo pone i presupposti per una civilt\u00e0 basata sull\u2019interazione creativa su tutti i fronti tra materia ed energia, tra corpo e mente, tra mente e anima, tra popoli e persone<\/strong><\/p>\n<p style=\"text-align: justify;\"><span style=\"font-family: Helvetica;\">\u00a0<\/span><span style=\"font-family: Helvetica;\">Nella pagina:<\/span><\/p>\n<p style=\"text-align: justify;\"><span style=\"font-family: Helvetica;\">&#8211; <strong>Video di Ervin Laszlo sul Nuovo paradigma olistico<\/strong><\/span><\/p>\n<p style=\"text-align: justify;\"><span style=\"font-family: Helvetica;\">Considerato il fondatore della teoria dei sistemi, candiddato due volte al Premio nobel per la pace, Laszlo nel 2001 ha ricevuto il Goi Award e nel 2005 il Mandir of Peace Prize.\u00c8 stato direttore dello United Nations Institute for training and Research (UNITAR). Attualmente \u00e8 consulente del Direttore Generale dell&#8217;UNESCO e membro di numerose associazioni scientifiche tra cui la World Academy for Arts and Science.<\/span><\/p>\n<p><a href=\"http:\/\/iframewidth=420height=315src=\/\/www.youtube.com\/embed\/LDif2thuBEcframeborder=0allowfullscreen\/iframe\"><iframe loading=\"lazy\" src=\"\/\/www.youtube.com\/embed\/LDif2thuBEc\" height=\"315\" width=\"420\" allowfullscreen=\"\" frameborder=\"0\"><\/iframe><\/a><\/p>\n<\/div>\n","protected":false},"excerpt":{"rendered":"<p>2001-2011: 10 ANNI DI ATTIVITA&#8217;: NEL NUOVO LOGO LA VISIONE OLISTICA Cresciuti GRAZIE A VOI!\u00a0 In occasione del 10* anniversario di attivit\u00e0 delo Studio abbiamo voluto cambiare &#8220;look&#8221;, perch\u00e8 in 10 anni siamo cambiati, siamo marurati, abbiamo progressivamente allargato il &hellip; <a href=\"https:\/\/consulting.studiosophia.it\/go\/chi-siamo\/mission-la-visione-olistica-2\/\">Continua a leggere<span class=\"meta-nav\">&rarr;<\/span><\/a><\/p>\n","protected":false},"author":2,"featured_media":0,"parent":9,"menu_order":1,"comment_status":"open","ping_status":"open","template":"","meta":{"footnotes":""},"class_list":["post-45","page","type-page","status-publish","hentry"],"_links":{"self":[{"href":"https:\/\/consulting.studiosophia.it\/go\/wp-json\/wp\/v2\/pages\/45","targetHints":{"allow":["GET"]}}],"collection":[{"href":"https:\/\/consulting.studiosophia.it\/go\/wp-json\/wp\/v2\/pages"}],"about":[{"href":"https:\/\/consulting.studiosophia.it\/go\/wp-json\/wp\/v2\/types\/page"}],"author":[{"embeddable":true,"href":"https:\/\/consulting.studiosophia.it\/go\/wp-json\/wp\/v2\/users\/2"}],"replies":[{"embeddable":true,"href":"https:\/\/consulting.studiosophia.it\/go\/wp-json\/wp\/v2\/comments?post=45"}],"version-history":[{"count":27,"href":"https:\/\/consulting.studiosophia.it\/go\/wp-json\/wp\/v2\/pages\/45\/revisions"}],"predecessor-version":[{"id":904,"href":"https:\/\/consulting.studiosophia.it\/go\/wp-json\/wp\/v2\/pages\/45\/revisions\/904"}],"up":[{"embeddable":true,"href":"https:\/\/consulting.studiosophia.it\/go\/wp-json\/wp\/v2\/pages\/9"}],"wp:attachment":[{"href":"https:\/\/consulting.studiosophia.it\/go\/wp-json\/wp\/v2\/media?parent=45"}],"curies":[{"name":"wp","href":"https:\/\/api.w.org\/{rel}","templated":true}]}}