{"id":9,"date":"2013-03-17T20:52:28","date_gmt":"2013-03-17T20:52:28","guid":{"rendered":"http:\/\/consulting.studiosophia.it\/go\/?page_id=9"},"modified":"2014-01-08T22:39:21","modified_gmt":"2014-01-08T22:39:21","slug":"chi-siamo","status":"publish","type":"page","link":"https:\/\/consulting.studiosophia.it\/go\/chi-siamo\/","title":{"rendered":"Chi siamo"},"content":{"rendered":"<h1 id=\"txtel_1_tit\">PSICOTERAPIA OGGI: dal pensiero sistemico al nuovo paradigma olistico. Come \u00e8 cambiato\u00a0 l&#8217;approccio al paziente in 10 anni di lavoro.<\/h1>\n<p><iframe loading=\"lazy\" title=\"Convegno LA FISICA DELL&#039;ANIMA - IL SENSO E I RICORDI PIU BELLI.wmv\" width=\"640\" height=\"480\" src=\"https:\/\/www.youtube.com\/embed\/yRLvwO3unLs?feature=oembed\" frameborder=\"0\" allow=\"accelerometer; autoplay; clipboard-write; encrypted-media; gyroscope; picture-in-picture; web-share\" referrerpolicy=\"strict-origin-when-cross-origin\" allowfullscreen><\/iframe><\/p>\n<p>Ascolta la Relazione della Dott.ssa Rustignoli al Convegno &#8220;La Fisica dell&#8217;Anima&#8221; tenutosi all&#8217;Hotel della Citt\u00e0 et de la Ville in occasione del 10\u00b0 Anniversario dello Studio (Video con foto dei momenti pi\u00f9 belli)<\/p>\n<h1><img loading=\"lazy\" decoding=\"async\" class=\"alignnone size-medium wp-image-362\" alt=\"Dott.ssa Elisabetta Rustignoli\" src=\"http:\/\/consulting.studiosophia.it\/go\/wp-content\/uploads\/2013\/03\/elisabetta-aprile-2013-300x225.jpg\" width=\"300\" height=\"225\" srcset=\"https:\/\/consulting.studiosophia.it\/go\/wp-content\/uploads\/2013\/03\/elisabetta-aprile-2013-300x225.jpg 300w, https:\/\/consulting.studiosophia.it\/go\/wp-content\/uploads\/2013\/03\/elisabetta-aprile-2013-1024x768.jpg 1024w\" sizes=\"auto, (max-width: 300px) 100vw, 300px\" \/><\/h1>\n<h1><\/h1>\n<h1>Dott.ssa ELISABETTA RUSTIGNOLI fondatrice di SOPHIA CONSULTING<\/h1>\n<div id=\"txtel_1_txt\">\n<p style=\"text-align: justify;\">Dopo aver lavorato in proprio come psicologo e formatore, la Dott.ssa Elisabetta Rustignoli, specializzatasi in psicoterapia sistemico-relazionale, fonda nel 2001 lo Studio Associato SOPHIA CONSULTING. \u00a0Lo Studio comincia ad avvalersi della professionalit\u00e0 di diversi esperti psicoterapeuti,\u00a0che operano in ambito clinico-sanitaro\u00a0dal 1995, e riunisce oggi un\u00a0team di consulenti specializzati nella progettazione\u00a0e realizzazione di servizi rivolti\u00a0alla Persona e alle Organizzazioni per rispondere\u00a0alle necessit\u00e0 legate al Ben-Essere\u00a0individuale, familiare, relazionale e lavorativo.<\/p>\n<h2><strong>SOPHIA: IL PERCORSO FATTO ASSIEME<\/strong><\/h2>\n<p>Nasce sempre stupore e meraviglia ogni volta che ci fermiamo a guardare il percorso fatto, dove siamo oggi, dopo 12 anni di attivit\u00e0 come studio e quasi 20 anni di\u00a0 libera professione, rispetto a qualche tempo fa&#8230; <b>Nonostante le difficolt\u00e0 di questi ultimi anni abbiamo continuato a crescere<\/b>, abbiamo esplorato assieme mondi nuovi e sconosciuti, abbiamo ampliato i nostri servizi, arricchito le nostre collaborazioni e il networking, e <b>nuova linfa vitale scorre oggi in Sophia Consulting<\/b>.<\/p>\n<p style=\"text-align: justify;\">La situazione generale, la crisi economica, politica, del lavoro ci porta a <b>riflettere seriamente sul nostro presente e sul futuro.<\/b> E mentre da ogni parte si respira aria di grande preoccupazione, ci siamo chieste cosa ci fosse oggi al centro dei pensieri della gente, di <b>veramente importante in questo particolare momento storico<\/b>, quali bisogni profondi,<b> come potevamo nel nostro piccolo fare la nostra parte, cercando di aiutare, sostenere, incoraggiare le persone <\/b>e contribuire oltre alla <b>\u201ccura di s\u00e8\u201d<\/b> e alla <b>\u201ccura dell\u2019altro\u201d,<\/b> alla <b>\u201ccura e alla evoluzione del mondo\u201d<\/b>\u2026<b> <\/b><\/p>\n<p style=\"text-align: justify;\">Ci siamo dette che un modo per essere vicini alle persone e rispondere a queste domande poteva essere quello di mantenere <b>VIVA <\/b>e vibrante quella che per noi \u00e8 un\u2019oasi di rigenerazione e ben-essere: <strong>SOPHIA<\/strong>.<\/p>\n<p style=\"text-align: justify;\"><a href=\"http:\/\/consulting.studiosophia.it\/go\/wp-content\/uploads\/2013\/03\/sophia-logo-big.jpg\"><img loading=\"lazy\" decoding=\"async\" class=\"alignnone size-medium wp-image-702\" alt=\"sophia logo big\" src=\"http:\/\/consulting.studiosophia.it\/go\/wp-content\/uploads\/2013\/03\/sophia-logo-big-300x201.jpg\" width=\"300\" height=\"201\" srcset=\"https:\/\/consulting.studiosophia.it\/go\/wp-content\/uploads\/2013\/03\/sophia-logo-big-300x201.jpg 300w, https:\/\/consulting.studiosophia.it\/go\/wp-content\/uploads\/2013\/03\/sophia-logo-big-1024x686.jpg 1024w\" sizes=\"auto, (max-width: 300px) 100vw, 300px\" \/><\/a><\/p>\n<p align=\"left\"><span style=\"color: #000000;\">\u2026UN DESTINO NEL NOME: IL\u00a0\u201cDHARMA\u201d DI SOPHIA CONSULTING<\/span><\/p>\n<p>\u00a0SOPHIA \u00e8 anzitutto <strong>LUOGO<\/strong> di prevenzione, cura, benessere, crescita e sviluppo personale, ma \u00e8 anche <strong>PICCOLA COMUNITA\u2019 DI PERSONE<\/strong> accomunate da sogni e desideri di realizzazione e pienezza di vita, ed \u00e8 anche <strong>QUALITA\u2019 DI ENERGIA VITALE<\/strong>, modalit\u00e0 dell\u2019 \u201cessere\u201d nel creare stati d\u2019animo capaci di farci evolvere e trasformare verso il\u00a0 nuovo mondo che ci attende\u2026<\/p>\n<p style=\"text-align: justify;\"><strong>SOPHIA: IL SIGNIFICATO<\/strong><\/p>\n<p>\u201cSapienza divina\u201d, \u201cPrincipio femminile sacro\u201d, \u201cDea Madre\u201d, <b>Sophia risiede in tutti noi sotto forma di<\/b> <b>scintilla divina<\/b>, da cui ogni giorno ci lasciamo ispirare e guidare. Quella stessa scintilla che ci fa vibrare, percepire, intuire e sentire, che completa il nostro lato maschile logico e razionale, che ci fa essere presenti e centrati e ci fa creare ogni giorno le difficolt\u00e0 e le possibilit\u00e0, che noi stessi manifestiamo, per evolvere verso una maggiore coscienza di noi stessi e dell\u2019universo che ci circonda.<\/p>\n<p><strong>\u00a0SOPHIA: IL LUOGO<\/strong><\/p>\n<p>In questo nome non c\u2019\u00e8 solo l\u2019INTENTO DICHIARATO del nostro operare come studio, la nostra identit\u00e0, missione e visione, SOPHIA Consulting \u00e8 e diventer\u00e0 ancora e sempre di piu, grazie anche alla <b>nuova sede<\/b>:<\/p>\n<p>&#8211;\u00a0\u00a0\u00a0\u00a0\u00a0\u00a0\u00a0\u00a0\u00a0 lo <b>spazio esterno<\/b> in cui poter crescere e ritrovarsi, un\u2019oasi di centratura e ben-essere fisico, emozionale, mentale e spirituale,<\/p>\n<p style=\"text-align: justify;\">&#8211; \u00a0 \u00a0 \u00a0 \u00a0 \u00a0ma anche un occasione per riaccostare un luogo sacro all\u2019interno di noi, nel nostro cuore, il piccolo <b>spazio interno <\/b>in cui ciascuno pu\u00f2 ri-trovarsi e ri- conoscersi\u00a0nella sua forma pi\u00f9 genuina ed autentica, in un\u00a0processo di profonda autenticazione personale.\u00a0Terapie, Coaching, Master, Corsi, Training, Meditazioni,\u00a0Laboratori di danzamovimento, artistici ed espressivi\u00a0diventano cosi strumenti esterni per condurci in\u00a0quell\u2019unico luogo all\u2019interno di noi dove \u00e8 possibile la\u00a0Vita e la continua Creazione: <b>il cuore,<\/b> quando si riempie<\/p>\n<p style=\"text-align: justify;\"><strong>SOPHIA: LA COMMUNITY<\/strong><\/p>\n<p style=\"text-align: justify;\">Crescere assieme \u00e8 il senso della vita. Solo <b>grazie all\u2019incontro con l\u2019altro<\/b>, sempre specchio di qualche nostro lato, a volte ancora oscuro, o di qualche dimensione del nostro essere, possiamo scoprire chi siamo. Riprender\u00e0 la Community che, dopo 3 anni di cammino sulle tracce della fisica dei quanti, evolver\u00e0 in uno <b>spazio di pratica<\/b> per continuare ad esplorare nuovi mondi e nuove conoscenze.<\/p>\n<p><b>SOPHIA: L&#8217;ENERGIA<\/b><\/p>\n<p style=\"text-align: justify;\">Prana (energia vitale), Kundalini (energia cosmico-divina), Sophia (scintilla divina) Fohat (energia di movimento), qualunque forma di ENERGIA preferiate o qualunque nome vogliate darvi, abbiamo bisogno di esserne pervasi e colmi per gustare con intensit\u00e0 la nostra vita. E\u2019 di questa energia che abbiamo bisogno <b>per alimentare la fiamma dentro di noi<\/b>, per mantenere gli stati interni che ci permettono di\u00a0\u201c<b>saper<\/b> <b>essere<\/b>\u201d\u00a0<b>uomini e donne\u00a0<\/b><b>del nuovo mondo,\u00a0<\/b><b>forti, potenti,\u00a0<\/b><b>appassionati<\/b>,\u00a0pieni di slancio\u00a0e ardore.<\/p>\n<p>&nbsp;<\/p>\n<p>&nbsp;<\/p>\n<p>&nbsp;<\/p>\n<\/div>\n","protected":false},"excerpt":{"rendered":"<p>PSICOTERAPIA OGGI: dal pensiero sistemico al nuovo paradigma olistico. Come \u00e8 cambiato\u00a0 l&#8217;approccio al paziente in 10 anni di lavoro. Ascolta la Relazione della Dott.ssa Rustignoli al Convegno &#8220;La Fisica dell&#8217;Anima&#8221; tenutosi all&#8217;Hotel della Citt\u00e0 et de la Ville in &hellip; <a href=\"https:\/\/consulting.studiosophia.it\/go\/chi-siamo\/\">Continua a leggere<span class=\"meta-nav\">&rarr;<\/span><\/a><\/p>\n","protected":false},"author":2,"featured_media":0,"parent":0,"menu_order":0,"comment_status":"open","ping_status":"open","template":"","meta":{"footnotes":""},"class_list":["post-9","page","type-page","status-publish","hentry"],"_links":{"self":[{"href":"https:\/\/consulting.studiosophia.it\/go\/wp-json\/wp\/v2\/pages\/9","targetHints":{"allow":["GET"]}}],"collection":[{"href":"https:\/\/consulting.studiosophia.it\/go\/wp-json\/wp\/v2\/pages"}],"about":[{"href":"https:\/\/consulting.studiosophia.it\/go\/wp-json\/wp\/v2\/types\/page"}],"author":[{"embeddable":true,"href":"https:\/\/consulting.studiosophia.it\/go\/wp-json\/wp\/v2\/users\/2"}],"replies":[{"embeddable":true,"href":"https:\/\/consulting.studiosophia.it\/go\/wp-json\/wp\/v2\/comments?post=9"}],"version-history":[{"count":26,"href":"https:\/\/consulting.studiosophia.it\/go\/wp-json\/wp\/v2\/pages\/9\/revisions"}],"predecessor-version":[{"id":880,"href":"https:\/\/consulting.studiosophia.it\/go\/wp-json\/wp\/v2\/pages\/9\/revisions\/880"}],"wp:attachment":[{"href":"https:\/\/consulting.studiosophia.it\/go\/wp-json\/wp\/v2\/media?parent=9"}],"curies":[{"name":"wp","href":"https:\/\/api.w.org\/{rel}","templated":true}]}}